{"id":100,"date":"2018-12-26T11:58:19","date_gmt":"2018-12-26T11:58:19","guid":{"rendered":"http:\/\/mkv-neu.mkv-muehlheim.de\/?page_id=100"},"modified":"2026-03-25T21:26:16","modified_gmt":"2026-03-25T20:26:16","slug":"danzing-starz","status":"publish","type":"page","link":"https:\/\/mkv-muehlheim.de\/?page_id=100","title":{"rendered":"DancingStarz"},"content":{"rendered":"<div id=\":17q\" class=\"a3s aiL \">\n<div dir=\"auto\"><img loading=\"lazy\" decoding=\"async\" class=\"alignnone wp-image-1051 size-full\" src=\"http:\/\/mkv-neu.mkv-muehlheim.de\/wp-content\/uploads\/2021\/06\/IMG-20210606-WA0000.jpg\" alt=\"\" width=\"1080\" height=\"1080\" srcset=\"https:\/\/mkv-muehlheim.de\/wp-content\/uploads\/2021\/06\/IMG-20210606-WA0000.jpg 1080w, https:\/\/mkv-muehlheim.de\/wp-content\/uploads\/2021\/06\/IMG-20210606-WA0000-300x300.jpg 300w, https:\/\/mkv-muehlheim.de\/wp-content\/uploads\/2021\/06\/IMG-20210606-WA0000-1024x1024.jpg 1024w, https:\/\/mkv-muehlheim.de\/wp-content\/uploads\/2021\/06\/IMG-20210606-WA0000-150x150.jpg 150w, https:\/\/mkv-muehlheim.de\/wp-content\/uploads\/2021\/06\/IMG-20210606-WA0000-768x768.jpg 768w, https:\/\/mkv-muehlheim.de\/wp-content\/uploads\/2021\/06\/IMG-20210606-WA0000-100x100.jpg 100w\" sizes=\"auto, (max-width: 767px) 89vw, (max-width: 1000px) 54vw, (max-width: 1071px) 543px, 580px\" \/><\/div>\n<div dir=\"auto\">\n<div dir=\"auto\">Mit viel Energie, guter Laune und jeder Menge Rhythmusgef\u00fchl startet die Tanzgruppe Dancing Starz der 10- bis 18-J\u00e4hrigen mit 10-20 tanzbegeisterten Teenies in ihre erste Saison beim MKV. Trainiert wird jeden Freitag von 17:00 bis 18:30 Uhr im MKV-Vereinsheim \u2013 und dort wird gelacht, geschwitzt und nat\u00fcrlich getanzt.<\/div>\n<div dir=\"auto\"><\/div>\n<div dir=\"auto\">Die M\u00e4dchen und Jungen sind mit voller Motivation dabei und lernen neue Choreografien im Handumdrehen. Kein Wunder, denn Tanzen ist f\u00fcr sie mehr als nur ein Hobby \u2013 es ist pure Leidenschaft, die sie besonders in der Faschingszeit auf die B\u00fchne bringen wollen.<\/div>\n<div dir=\"auto\"><\/div>\n<div dir=\"auto\">In den vergangenen Kampagnen sorgten sie bereits mit kreativen und abwechslungsreichen Themen f\u00fcr Begeisterung im Publikum. Ob \u201eTinkerbell\u201c, \u201eAlice im Wunderland\u201c, \u201eMafia \u2013 Next Generation\u201c, \u201eDer K\u00f6nig der L\u00f6wen\u201c, \u201eHipHop meets Ballett\u201c oder \u201eHarry Potter\u201c \u2013 die Gruppe liebt es, in neue Rollen zu schl\u00fcpfen und jede Show mit einer ganz eigenen Story auf die B\u00fchne zu bringen.<\/div>\n<div dir=\"auto\">Auch diesmal sind alle mit vollem Einsatz dabei.<\/div>\n<div dir=\"auto\"><\/div>\n<div dir=\"auto\">Jetzt beginnt die hei\u00dfe Trainingsphase, und die Vorfreude steigt von Woche zu Woche. Die Trainerinnen Sabrina Fonzetti und Tatjana Scholz k\u00f6nnen es kaum erwarten, ihre T\u00e4nzerinnen und T\u00e4nzer endlich auf der B\u00fchne zu sehen \u2013 bereit, das Publikum mit einer mitrei\u00dfenden Show zu begeistern.\u00a0<img decoding=\"async\" class=\"an1\" draggable=\"false\" src=\"https:\/\/fonts.gstatic.com\/s\/e\/notoemoji\/17.0\/2728\/32.png\" alt=\"&#x2728;\" data-emoji=\"&#x2728;\" aria-label=\"&#x2728;\" \/><img decoding=\"async\" class=\"an1\" draggable=\"false\" src=\"https:\/\/fonts.gstatic.com\/s\/e\/notoemoji\/17.0\/1f483\/32.png\" alt=\"&#x1f483;\" data-emoji=\"&#x1f483;\" aria-label=\"&#x1f483;\" \/><img decoding=\"async\" class=\"an1\" draggable=\"false\" src=\"https:\/\/fonts.gstatic.com\/s\/e\/notoemoji\/17.0\/1f57a\/32.png\" alt=\"&#x1f57a;\" data-emoji=\"&#x1f57a;\" aria-label=\"&#x1f57a;\" \/><img decoding=\"async\" class=\"an1\" draggable=\"false\" src=\"https:\/\/fonts.gstatic.com\/s\/e\/notoemoji\/17.0\/1f3ad\/32.png\" alt=\"&#x1f3ad;\" data-emoji=\"&#x1f3ad;\" aria-label=\"&#x1f3ad;\" \/><\/div>\n<\/div>\n<div dir=\"auto\"><\/div>\n<div dir=\"auto\"><\/div>\n<\/div>\n<p>&nbsp;<\/p>\n","protected":false},"excerpt":{"rendered":"<p>Mit viel Energie, guter Laune und jeder Menge Rhythmusgef\u00fchl startet die Tanzgruppe Dancing Starz der 10- bis 18-J\u00e4hrigen mit 10-20 tanzbegeisterten Teenies in ihre erste Saison beim MKV. Trainiert wird jeden Freitag von 17:00 bis 18:30 Uhr im MKV-Vereinsheim \u2013 und dort wird gelacht, geschwitzt und nat\u00fcrlich getanzt. Die M\u00e4dchen und Jungen sind mit voller &hellip; <\/p>\n<p class=\"link-more\"><a href=\"https:\/\/mkv-muehlheim.de\/?page_id=100\" class=\"more-link\"><span class=\"screen-reader-text\">\u201eDancingStarz\u201c<\/span> weiterlesen<\/a><\/p>\n","protected":false},"author":1,"featured_media":0,"parent":0,"menu_order":0,"comment_status":"closed","ping_status":"closed","template":"","meta":{"footnotes":""},"class_list":["post-100","page","type-page","status-publish","hentry"],"_links":{"self":[{"href":"https:\/\/mkv-muehlheim.de\/index.php?rest_route=\/wp\/v2\/pages\/100","targetHints":{"allow":["GET"]}}],"collection":[{"href":"https:\/\/mkv-muehlheim.de\/index.php?rest_route=\/wp\/v2\/pages"}],"about":[{"href":"https:\/\/mkv-muehlheim.de\/index.php?rest_route=\/wp\/v2\/types\/page"}],"author":[{"embeddable":true,"href":"https:\/\/mkv-muehlheim.de\/index.php?rest_route=\/wp\/v2\/users\/1"}],"replies":[{"embeddable":true,"href":"https:\/\/mkv-muehlheim.de\/index.php?rest_route=%2Fwp%2Fv2%2Fcomments&post=100"}],"version-history":[{"count":11,"href":"https:\/\/mkv-muehlheim.de\/index.php?rest_route=\/wp\/v2\/pages\/100\/revisions"}],"predecessor-version":[{"id":1985,"href":"https:\/\/mkv-muehlheim.de\/index.php?rest_route=\/wp\/v2\/pages\/100\/revisions\/1985"}],"wp:attachment":[{"href":"https:\/\/mkv-muehlheim.de\/index.php?rest_route=%2Fwp%2Fv2%2Fmedia&parent=100"}],"curies":[{"name":"wp","href":"https:\/\/api.w.org\/{rel}","templated":true}]}}