{"id":105,"date":"2018-12-26T11:58:57","date_gmt":"2018-12-26T11:58:57","guid":{"rendered":"http:\/\/mkv-neu.mkv-muehlheim.de\/?page_id=105"},"modified":"2026-03-25T21:34:13","modified_gmt":"2026-03-25T20:34:13","slug":"rasselbande","status":"publish","type":"page","link":"https:\/\/mkv-muehlheim.de\/?page_id=105","title":{"rendered":"Rasselbande"},"content":{"rendered":"<div dir=\"auto\"><img loading=\"lazy\" decoding=\"async\" class=\"aligncenter size-full wp-image-1058\" src=\"https:\/\/mkv-muehlheim.de\/wp-content\/uploads\/2021\/06\/Rasselbande-flyer.jpeg\" alt=\"\" width=\"738\" height=\"1600\" srcset=\"https:\/\/mkv-muehlheim.de\/wp-content\/uploads\/2021\/06\/Rasselbande-flyer.jpeg 738w, https:\/\/mkv-muehlheim.de\/wp-content\/uploads\/2021\/06\/Rasselbande-flyer-138x300.jpeg 138w, https:\/\/mkv-muehlheim.de\/wp-content\/uploads\/2021\/06\/Rasselbande-flyer-472x1024.jpeg 472w, https:\/\/mkv-muehlheim.de\/wp-content\/uploads\/2021\/06\/Rasselbande-flyer-708x1536.jpeg 708w\" sizes=\"auto, (max-width: 738px) 100vw, 738px\" \/><\/div>\n<div dir=\"auto\"><\/div>\n<div dir=\"auto\">Schrille Schreie, stampfende F\u00fc\u00dfe und lautes Kinderlachen \u2013 es ist Donnerstag, 17:30 Uhr, und das Tanztraining der Rasselbande beginnt. Die Trainerinnen Corinna Z\u00f6rb und Sabrina Fonzetti begr\u00fc\u00dfen die Kinder, bevor sich alle zun\u00e4chst zu einem kurzen Sitzkreis zusammenfinden. Dort wird der Ablauf des Trainings besprochen und die Stimmung auf das gemeinsame Tanzen eingestimmt.<\/div>\n<div dir=\"auto\"><\/div>\n<div dir=\"auto\">Dann wird die Musik aufgedreht: Pop-Beats, aktuelle Hits und ganz viel Energie sorgen f\u00fcr das passende Warm-up \u2013 ganz nach dem Motto: \u201eJe lauter, desto besser\u201c. Danach geht es an Choreografien, Schritte und kleine Showelemente, bei denen Bewegung, Spa\u00df und Teamgeist im Mittelpunkt stehen.<\/div>\n<div dir=\"auto\"><\/div>\n<div dir=\"auto\">Die Rasselbande begeistert ihr Publikum regelm\u00e4\u00dfig mit fantasievollen Themen. In den vergangenen Jahren tanzten die Kinder unter anderem zu den Mottos \u201eStep Up\u201c,\u201eMulan\u201c, \u201ePocahontas\u201c, \u201eUnterwasserwelt\u201c, \u201eWeltraum\u201c und \u201eDschungel\u201c.<\/div>\n<div dir=\"auto\">Die Gruppe wurde im Fr\u00fchjahr 2018 neu gegr\u00fcndet und besteht derzeit aus etwa 20 bis 25 M\u00e4dchen und Jungen im Alter von 5 bis 10 Jahren**. Gemeinsam trainieren sie Woche f\u00fcr Woche, lernen neue Schritte, wachsen als Team zusammen und fiebern ihren n\u00e4chsten Auftritten entgegen. Der Spa\u00df am Tanzen und die Begeisterung der Kinder stehen dabei immer an erster Stelle.\u00a0<img decoding=\"async\" class=\"an1\" draggable=\"false\" src=\"https:\/\/fonts.gstatic.com\/s\/e\/notoemoji\/17.0\/1f483\/32.png\" alt=\"&#x1f483;\" data-emoji=\"&#x1f483;\" aria-label=\"&#x1f483;\" \/><img decoding=\"async\" class=\"an1\" draggable=\"false\" src=\"https:\/\/fonts.gstatic.com\/s\/e\/notoemoji\/17.0\/1f3b6\/32.png\" alt=\"&#x1f3b6;\" data-emoji=\"&#x1f3b6;\" aria-label=\"&#x1f3b6;\" \/><\/div>\n","protected":false},"excerpt":{"rendered":"<p>Schrille Schreie, stampfende F\u00fc\u00dfe und lautes Kinderlachen \u2013 es ist Donnerstag, 17:30 Uhr, und das Tanztraining der Rasselbande beginnt. Die Trainerinnen Corinna Z\u00f6rb und Sabrina Fonzetti begr\u00fc\u00dfen die Kinder, bevor sich alle zun\u00e4chst zu einem kurzen Sitzkreis zusammenfinden. Dort wird der Ablauf des Trainings besprochen und die Stimmung auf das gemeinsame Tanzen eingestimmt. Dann wird &hellip; <\/p>\n<p class=\"link-more\"><a href=\"https:\/\/mkv-muehlheim.de\/?page_id=105\" class=\"more-link\"><span class=\"screen-reader-text\">\u201eRasselbande\u201c<\/span> weiterlesen<\/a><\/p>\n","protected":false},"author":1,"featured_media":0,"parent":0,"menu_order":0,"comment_status":"closed","ping_status":"closed","template":"","meta":{"footnotes":""},"class_list":["post-105","page","type-page","status-publish","hentry"],"_links":{"self":[{"href":"https:\/\/mkv-muehlheim.de\/index.php?rest_route=\/wp\/v2\/pages\/105","targetHints":{"allow":["GET"]}}],"collection":[{"href":"https:\/\/mkv-muehlheim.de\/index.php?rest_route=\/wp\/v2\/pages"}],"about":[{"href":"https:\/\/mkv-muehlheim.de\/index.php?rest_route=\/wp\/v2\/types\/page"}],"author":[{"embeddable":true,"href":"https:\/\/mkv-muehlheim.de\/index.php?rest_route=\/wp\/v2\/users\/1"}],"replies":[{"embeddable":true,"href":"https:\/\/mkv-muehlheim.de\/index.php?rest_route=%2Fwp%2Fv2%2Fcomments&post=105"}],"version-history":[{"count":9,"href":"https:\/\/mkv-muehlheim.de\/index.php?rest_route=\/wp\/v2\/pages\/105\/revisions"}],"predecessor-version":[{"id":1989,"href":"https:\/\/mkv-muehlheim.de\/index.php?rest_route=\/wp\/v2\/pages\/105\/revisions\/1989"}],"wp:attachment":[{"href":"https:\/\/mkv-muehlheim.de\/index.php?rest_route=%2Fwp%2Fv2%2Fmedia&parent=105"}],"curies":[{"name":"wp","href":"https:\/\/api.w.org\/{rel}","templated":true}]}}