{"id":107,"date":"2018-12-26T11:59:12","date_gmt":"2018-12-26T11:59:12","guid":{"rendered":"http:\/\/mkv-neu.mkv-muehlheim.de\/?page_id=107"},"modified":"2021-05-05T15:05:42","modified_gmt":"2021-05-05T15:05:42","slug":"maennerballett","status":"publish","type":"page","link":"https:\/\/mkv-muehlheim.de\/?page_id=107","title":{"rendered":"M\u00e4nnerballett"},"content":{"rendered":"<p>Unsere Gruppe besteht aktuell aus 11 T\u00e4nzern in allen Altersgruppen.<br \/>\nNachdem letztes Jahr einige unserer Urgesteine und Gr\u00fcndungsmitglieder in den vorzeitigen Ruhestand gingen, fand jedoch eine gewisse Verj\u00fcngung statt.<\/p>\n<p>Man k\u00f6nnte also in gewisser Weise sagen, dass die Gruppe im Umbruch ist. Insbesondere deshalb ist es um so bitterer, dass die aktuelle Lage unsere Pl\u00e4ne und Bem\u00fchungen f\u00fcr die n\u00e4chste Kampagne ausbremst.<\/p>\n<p>Die \u201eAlte Garde\u201c steht nat\u00fcrlich weiterhin bereit, wenn mal zu viel \u201eJim Beam\u201c im Koffer sein sollte. Allerdings gilt dabei immer das Motto \u201eViel hilft viel!\u201c, sodass dieses Szenario selten eintritt.<\/p>\n<p>Nat\u00fcrlich bekommen auch wir die Corona Pandemie zu sp\u00fcren. Bereits im letzten Jahr mussten wir unseren allj\u00e4hrlichen Possmanncup aufgrund der Pandemie absagen.<br \/>\nIn jenem Jahr besonders schmerzlich, da wir euch nur zu gerne nochmals unseren Tanz \u201eLucky Irish\u201c pr\u00e4sentiert h\u00e4tten, mit dem wir bereits auf einem Turnier nahe Wiesbaden den 2. Platz erzielen konnten.<\/p>\n<p>Dass wir den Possmanncup auch in diesem Jahr nicht durchf\u00fchren konnten macht uns nicht nur finanziell zu schaffen.<br \/>\nJeder von uns vermisst die Zeit, in der wir f\u00fcr euch auf der B\u00fchne stehen durften.<\/p>\n<p>Dennoch blicken wir optimistisch in die Zukunft und so haben wir den Termin f\u00fcr den Possmanncup 2022 auf den 19.03.2022 festgelegt. Ihr k\u00f6nnt ihn euch daher gerne schon vormerken.<\/p>\n<p>Sobald es m\u00f6glich ist, werden wir auch wieder zusammen trainieren, um euch im n\u00e4chsten Jahr mit unserem neuen Motto zu \u00fcberraschen.<br \/>\nWer in Zeiten von Home-Office und Lockdown zu wenig Bewegung hatte, kann sich uns gerne anschlie\u00dfen. Wir trainieren wie bisher auch, Mittwochs von 20:00-22:00 Uhr.<br \/>\nMeldet euch gerne, falls ihr Interesse habt (<a href=\"mailto:mkv-maennerballett@web.de\" target=\"_blank\" rel=\"noopener\">mkv-maennerballett@web.de<\/a>) oder auf (<a href=\"http:\/\/www.facebook.com\/MKVMaennerballett\">www.facebook.com\/MKVMaennerballett<\/a>).<\/p>\n<p>Bis dahin bleibt nur zu hoffen, dass wir alle Gesund durch die aktuelle Lage kommen und m\u00f6glichst bald wieder zusammen tanzen und feiern k\u00f6nnen.<\/p>\n<p>Euer MKV M\u00e4nnerballett<\/p>\n<p><img loading=\"lazy\" decoding=\"async\" class=\"aligncenter wp-image-1024 size-large\" src=\"http:\/\/mkv-neu.mkv-muehlheim.de\/wp-content\/uploads\/2021\/05\/IMG-20200119-WA0001-1024x768.jpg\" alt=\"\" width=\"525\" height=\"394\" srcset=\"https:\/\/mkv-muehlheim.de\/wp-content\/uploads\/2021\/05\/IMG-20200119-WA0001-1024x768.jpg 1024w, https:\/\/mkv-muehlheim.de\/wp-content\/uploads\/2021\/05\/IMG-20200119-WA0001-300x225.jpg 300w, https:\/\/mkv-muehlheim.de\/wp-content\/uploads\/2021\/05\/IMG-20200119-WA0001-768x576.jpg 768w, https:\/\/mkv-muehlheim.de\/wp-content\/uploads\/2021\/05\/IMG-20200119-WA0001-1536x1152.jpg 1536w, https:\/\/mkv-muehlheim.de\/wp-content\/uploads\/2021\/05\/IMG-20200119-WA0001.jpg 1600w\" sizes=\"auto, (max-width: 525px) 100vw, 525px\" \/><\/p>\n<p><img loading=\"lazy\" decoding=\"async\" class=\"aligncenter wp-image-1025 size-large\" src=\"http:\/\/mkv-neu.mkv-muehlheim.de\/wp-content\/uploads\/2021\/05\/IMG-20200202-WA0009-1024x1024.jpg\" alt=\"\" width=\"525\" height=\"525\" srcset=\"https:\/\/mkv-muehlheim.de\/wp-content\/uploads\/2021\/05\/IMG-20200202-WA0009-1024x1024.jpg 1024w, https:\/\/mkv-muehlheim.de\/wp-content\/uploads\/2021\/05\/IMG-20200202-WA0009-300x300.jpg 300w, https:\/\/mkv-muehlheim.de\/wp-content\/uploads\/2021\/05\/IMG-20200202-WA0009-150x150.jpg 150w, https:\/\/mkv-muehlheim.de\/wp-content\/uploads\/2021\/05\/IMG-20200202-WA0009-768x768.jpg 768w, https:\/\/mkv-muehlheim.de\/wp-content\/uploads\/2021\/05\/IMG-20200202-WA0009-1536x1536.jpg 1536w, https:\/\/mkv-muehlheim.de\/wp-content\/uploads\/2021\/05\/IMG-20200202-WA0009-100x100.jpg 100w, https:\/\/mkv-muehlheim.de\/wp-content\/uploads\/2021\/05\/IMG-20200202-WA0009.jpg 1599w\" sizes=\"auto, (max-width: 525px) 100vw, 525px\" \/><\/p>\n","protected":false},"excerpt":{"rendered":"<p>Unsere Gruppe besteht aktuell aus 11 T\u00e4nzern in allen Altersgruppen. Nachdem letztes Jahr einige unserer Urgesteine und Gr\u00fcndungsmitglieder in den vorzeitigen Ruhestand gingen, fand jedoch eine gewisse Verj\u00fcngung statt. Man k\u00f6nnte also in gewisser Weise sagen, dass die Gruppe im Umbruch ist. Insbesondere deshalb ist es um so bitterer, dass die aktuelle Lage unsere Pl\u00e4ne &hellip; <\/p>\n<p class=\"link-more\"><a href=\"https:\/\/mkv-muehlheim.de\/?page_id=107\" class=\"more-link\"><span class=\"screen-reader-text\">\u201eM\u00e4nnerballett\u201c<\/span> weiterlesen<\/a><\/p>\n","protected":false},"author":1,"featured_media":0,"parent":0,"menu_order":0,"comment_status":"closed","ping_status":"closed","template":"","meta":{"footnotes":""},"class_list":["post-107","page","type-page","status-publish","hentry"],"_links":{"self":[{"href":"https:\/\/mkv-muehlheim.de\/index.php?rest_route=\/wp\/v2\/pages\/107","targetHints":{"allow":["GET"]}}],"collection":[{"href":"https:\/\/mkv-muehlheim.de\/index.php?rest_route=\/wp\/v2\/pages"}],"about":[{"href":"https:\/\/mkv-muehlheim.de\/index.php?rest_route=\/wp\/v2\/types\/page"}],"author":[{"embeddable":true,"href":"https:\/\/mkv-muehlheim.de\/index.php?rest_route=\/wp\/v2\/users\/1"}],"replies":[{"embeddable":true,"href":"https:\/\/mkv-muehlheim.de\/index.php?rest_route=%2Fwp%2Fv2%2Fcomments&post=107"}],"version-history":[{"count":10,"href":"https:\/\/mkv-muehlheim.de\/index.php?rest_route=\/wp\/v2\/pages\/107\/revisions"}],"predecessor-version":[{"id":1026,"href":"https:\/\/mkv-muehlheim.de\/index.php?rest_route=\/wp\/v2\/pages\/107\/revisions\/1026"}],"wp:attachment":[{"href":"https:\/\/mkv-muehlheim.de\/index.php?rest_route=%2Fwp%2Fv2%2Fmedia&parent=107"}],"curies":[{"name":"wp","href":"https:\/\/api.w.org\/{rel}","templated":true}]}}