{"id":120,"date":"2018-12-26T12:01:55","date_gmt":"2018-12-26T12:01:55","guid":{"rendered":"http:\/\/mkv-neu.mkv-muehlheim.de\/?page_id=120"},"modified":"2018-12-26T13:03:58","modified_gmt":"2018-12-26T13:03:58","slug":"zugmarschallkuerung","status":"publish","type":"page","link":"https:\/\/mkv-muehlheim.de\/?page_id=120","title":{"rendered":"Zugmarschallk\u00fcrung"},"content":{"rendered":"<p><strong>Die 23. Zugmarschallk\u00fcrung<\/strong><\/p>\n<p>Der Startschuss f\u00fcr die Veranstaltungen in der Willy-Brandt-Halle war in 2018 der 07. Januar. Der M\u00fchlheimer Karneval Verein e.V. lud ab 15 Uhr in die bunt geschm\u00fcckten R\u00e4ume des B\u00fcrgerhauses, um die Zugmarschallk\u00fcrung mit allen B\u00fcrgerinnen und B\u00fcrgern sowie befreundeten Vereinen aus M\u00fchlheim und Umgebung zu feiern.<\/p>\n<p>Unser Kanzler Thomas Lauf begr\u00fc\u00dfte unsere G\u00e4ste gewohnt gereimt mit guten W\u00fcnschen f\u00fcr das neue Jahr und bat auch gleich die gr\u00f6\u00dfte Gruppierung des MKV auf die B\u00fchne: die Firedrums. Unter der Leitung von Uwe Weigand und Vanessa Jung spielten die Musikbegeisterten ein rockiges Programm. Musikalischer Nachwuchs jeglichen Alters ist jederzeit willkommen! Auch wer keine Noten lesen kann, wird von den Firedrums in die Kunst des Spielens eingeweiht.<\/p>\n<p>Was bei keiner Zugmarschallk\u00fcrung fehlen darf, ist das Protokoll unserer Ute Kraus-Jung. Flei\u00dfig hat sie wieder recherchiert, um uns \u00fcber die Ereignisse des letzten Jahres scharfz\u00fcngig zu informieren. Sie thematisierte die gef\u00fchlt ewig dauernde Regierungsbildung, die nicht mehr fahrbereite F\u00e4hre und die \u00fcber die Stadtgrenzen hinaus bekannt gewordenen Zust\u00e4nde in unserem Seniorenheim.<\/p>\n<p>Leider hat eine Inthronisierung immer einen Wermutstropfen. Der bisherige Zugmarschall muss leider verabschiedet werden. Der 22. Zugmarschall Ulf Walther wurde durch unseren Kanzler Thomas Lauf mit \u201eseinem\u201c Lied \u201eHulapalu\u201c auf die B\u00fchne gebeten. Der noch amtierende Zugmarschall hatte eine sehr sch\u00f6ne, ereignisreiche, lustige und spannende Kampagne hinter sich. Es hat ihm so gut beim MKV gefallen, dass er uns auch weiterhin die Treue h\u00e4lt. Der bisherige Jahrespraktikant Dr. Bernd Kugler wird bef\u00f6rdert und hat mit sofortiger Wirkung das Amt des Vizekanzlers inne. Die nun frei werdende Stelle wird durch Ulf Walther besetzt.<\/p>\n<p>Bevor das Geheimnis um den Nachfolger gel\u00fcftet wurde, kam die Kinder- und Jugendtanzgruppe des MKV auf die B\u00fchne. Unter der Leitung von Franziska Fuhl zeigten unsere \u201eCrazy Kidz\u201c Louise, Ronja, Mia, Michelle und Fabienne ihren Tanz. Leider gibt unsere langj\u00e4hrige Trainerin die Tanzgruppe ab. Viele Jahre hat sie die Kinder und Jugendlichen trainiert, sie motiviert und viele Stunden ihrer Freizeit investiert, um die Gruppe auf die Auftritte auf den gro\u00dfen B\u00fchnen vorzubereiten. Wir danken Franziska Fuhl f\u00fcr ihr tolle Arbeit und w\u00fcnschen ihr alles Gute.<\/p>\n<p>Unser M\u00e4nnerballett zeigte unter der Leitung von Dani Moog einen sportlichen Showtanz. Gekleidet als Football-Spieler und Cheerleader zeigten Uwe, Conno, Lars, Christian S., Udo, Andreas, Krusel, J\u00f6rg, Christian J., Flo, Tobi, Niels und Heiko erneut, dass sie sich nicht vor gro\u00dfem Publikum scheuen m\u00fcssen.<\/p>\n<p>Nun war es endlich an der Zeit. Der 12. Zugmarschall Andreas Sattler l\u00fcftete das Geheimnis um den neuen W\u00fcrdentr\u00e4ger. Zusammen mit unserem Satti und unserem Peter \u201eConno\u201c Nohl besuchte Sie die \u201elegend\u00e4re Realschulklasse von Anita Ruhmann\u201c an der FES. Seit fr\u00fchester Kindheit ist sie dem Verein treu. So war sie ab 1977 eine der Majoretten. Die ganze Familie ist n\u00e4rrisch veranlagt. So waren ihre Eltern bereits als Prinzenpaar unterwegs, ihre Schwester Renate war bereits Zugmarschallin. Seit vielen Jahren selbstst\u00e4ndig mit Sch\u00fclers L\u00e4dchen, der Weinstube Chalet, dem Bistro Chaiselongue und heutzutage mit dem Kiosk im Zentrum. So wusste nun jeder im Saal, wer der neue W\u00fcrdentr\u00e4ger ist. Die 23. Zugmarschallin hei\u00dft Ulrike Eich. Sie stellt klar: \u201eIch bin die Uli, und ich laaf vorneweg\u201c. Wenn sie Zeit findet, geht unsere Uli gerne schwimmen oder f\u00e4hrt Rad. Sie w\u00fcnscht sich eine Fastnacht nach alter Tradition, damit diese nicht verloren geht. Ausgestattet wurde sie mit den Insignien ihres Amts: Mantel, Orden, Zepter, Narrenkapp und &#8211; damit es auch offiziell ist &#8211; die Urkunde.<\/p>\n<p>Vertreter der Stadt, der Politik und der Vereinsdachorganisationen waren nun an der Reihe, ihre Gl\u00fcckw\u00fcnsche und Gru\u00dfworte an die frisch gebackene Zugmarschallin zu richten.<\/p>\n<p>Die Flying Starz geh\u00f6ren seit Mai 2016 zum Verein und zeigten bei der 23. Zugmarschallk\u00fcrung zum zweiten Mal ihr K\u00f6nnen. Mit schwarz-roten Kost\u00fcmen lehrten sie dem Publikum das F\u00fcrchten vor der Mafia.<br \/>\nIn der zweiten Runde der Gratulationen durften nun Tollit\u00e4ten und Vertreter der Vereine zu unserer Zugmarschallin auf die B\u00fchne und ihre Gl\u00fcckw\u00fcnsche und lieben Worte an sie richten.<\/p>\n<p>Alles in Allem war es ein sch\u00f6ner, n\u00e4rrischer Sonntagnachmittag. Wir bedanken uns bei allen Beteiligten und Helfern, der Technik und den Leuten, die hinter B\u00fchne f\u00fcr einen reibungslosen Ablauf gesorgt haben. Auf eine tolle Kampagne mit unseren 23. Zugmarschallin Uli Eich!<\/p>\n","protected":false},"excerpt":{"rendered":"<p>Die 23. Zugmarschallk\u00fcrung Der Startschuss f\u00fcr die Veranstaltungen in der Willy-Brandt-Halle war in 2018 der 07. Januar. Der M\u00fchlheimer Karneval Verein e.V. lud ab 15 Uhr in die bunt geschm\u00fcckten R\u00e4ume des B\u00fcrgerhauses, um die Zugmarschallk\u00fcrung mit allen B\u00fcrgerinnen und B\u00fcrgern sowie befreundeten Vereinen aus M\u00fchlheim und Umgebung zu feiern. Unser Kanzler Thomas Lauf begr\u00fc\u00dfte &hellip; <\/p>\n<p class=\"link-more\"><a href=\"https:\/\/mkv-muehlheim.de\/?page_id=120\" class=\"more-link\"><span class=\"screen-reader-text\">\u201eZugmarschallk\u00fcrung\u201c<\/span> weiterlesen<\/a><\/p>\n","protected":false},"author":1,"featured_media":0,"parent":0,"menu_order":0,"comment_status":"closed","ping_status":"closed","template":"","meta":{"footnotes":""},"class_list":["post-120","page","type-page","status-publish","hentry"],"_links":{"self":[{"href":"https:\/\/mkv-muehlheim.de\/index.php?rest_route=\/wp\/v2\/pages\/120","targetHints":{"allow":["GET"]}}],"collection":[{"href":"https:\/\/mkv-muehlheim.de\/index.php?rest_route=\/wp\/v2\/pages"}],"about":[{"href":"https:\/\/mkv-muehlheim.de\/index.php?rest_route=\/wp\/v2\/types\/page"}],"author":[{"embeddable":true,"href":"https:\/\/mkv-muehlheim.de\/index.php?rest_route=\/wp\/v2\/users\/1"}],"replies":[{"embeddable":true,"href":"https:\/\/mkv-muehlheim.de\/index.php?rest_route=%2Fwp%2Fv2%2Fcomments&post=120"}],"version-history":[{"count":2,"href":"https:\/\/mkv-muehlheim.de\/index.php?rest_route=\/wp\/v2\/pages\/120\/revisions"}],"predecessor-version":[{"id":174,"href":"https:\/\/mkv-muehlheim.de\/index.php?rest_route=\/wp\/v2\/pages\/120\/revisions\/174"}],"wp:attachment":[{"href":"https:\/\/mkv-muehlheim.de\/index.php?rest_route=%2Fwp%2Fv2%2Fmedia&parent=120"}],"curies":[{"name":"wp","href":"https:\/\/api.w.org\/{rel}","templated":true}]}}