{"id":122,"date":"2018-12-26T12:02:10","date_gmt":"2018-12-26T12:02:10","guid":{"rendered":"http:\/\/mkv-neu.mkv-muehlheim.de\/?page_id=122"},"modified":"2019-02-23T09:23:59","modified_gmt":"2019-02-23T09:23:59","slug":"veranstaltungen","status":"publish","type":"page","link":"https:\/\/mkv-muehlheim.de\/?page_id=122","title":{"rendered":"Veranstaltungen"},"content":{"rendered":"<p><strong>Unsere Zugmarschallk\u00fcrung<\/strong><\/p>\n<p>Der M\u00fchlheimer Karneval Verein e.V. beginnt im neuen Jahr recht fr\u00fch mit den ersten karnevalistischen Veranstaltungen. So wird doch generell am ersten Sonntag im neuen Jahr der\/ die Zugmarschall\/ in des MKV in der Willy-Brandt-Halle inthronisiert. Au\u00dfer den eigenen auftretenden Gruppen tritt bei dieser Veranstaltung auch als einer der ersten Programmpunkte unsere Protokollerrin Ute Kraus-Jung auf, um \u00fcber das Vorgefallene des vergangenen Jahres in der M\u00fchlenstadt zu berichten.<\/p>\n<p><img loading=\"lazy\" decoding=\"async\" class=\"alignnone wp-image-396 size-large\" src=\"http:\/\/mkv-neu.mkv-muehlheim.de\/wp-content\/uploads\/2018\/12\/ZMK-1024x688.jpg\" alt=\"\" width=\"525\" height=\"353\" srcset=\"https:\/\/mkv-muehlheim.de\/wp-content\/uploads\/2018\/12\/ZMK-1024x688.jpg 1024w, https:\/\/mkv-muehlheim.de\/wp-content\/uploads\/2018\/12\/ZMK-300x202.jpg 300w, https:\/\/mkv-muehlheim.de\/wp-content\/uploads\/2018\/12\/ZMK-768x516.jpg 768w, https:\/\/mkv-muehlheim.de\/wp-content\/uploads\/2018\/12\/ZMK.jpg 1200w\" sizes=\"auto, (max-width: 525px) 100vw, 525px\" \/><\/p>\n<p>Nach der Inthronisation bekommen die G\u00e4ste aus der kommunalen Politik und die Vereinsvertreter das Wort, um ihre Gl\u00fcckw\u00fcnsche zu \u00fcberbringen. Das ganze Programm schlie\u00dft dann mit dem Auftritt unserer Guggenmusik, den Firedrum\u00b4s<\/p>\n<hr \/>\n<p><strong>Tollit\u00e4tenempfang im Vereinsheim<\/strong><\/p>\n<p>Seit 2010 ist es bei uns Sitte das wir einen kleinen Tollit\u00e4tenempfang ausrichten. Dieser ist zum privaten pers\u00f6nlichen Kennenlernen der Tollit\u00e4ten und der Vereinsf\u00fchrungen gedacht.<\/p>\n<p>Im ersten Teil des Programms werden die Tollit\u00e4ten durch den Kanzler vorgestellt und durch den Gastgeber, den 24. Zugmarschall pers\u00f6nlich begr\u00fc\u00dft (es gibt keine einzelnen Reden) danach gibt es ein Gruppenbild mit s\u00e4mtlichen Tollit\u00e4ten, anschlie\u00dfend lockere Kleiderordnung.<\/p>\n<p><img loading=\"lazy\" decoding=\"async\" class=\"alignnone wp-image-395 size-large\" src=\"http:\/\/mkv-neu.mkv-muehlheim.de\/wp-content\/uploads\/2018\/12\/Tollitaetenempfang-1024x688.jpg\" alt=\"\" width=\"525\" height=\"353\" srcset=\"https:\/\/mkv-muehlheim.de\/wp-content\/uploads\/2018\/12\/Tollitaetenempfang-1024x688.jpg 1024w, https:\/\/mkv-muehlheim.de\/wp-content\/uploads\/2018\/12\/Tollitaetenempfang-300x202.jpg 300w, https:\/\/mkv-muehlheim.de\/wp-content\/uploads\/2018\/12\/Tollitaetenempfang-768x516.jpg 768w, https:\/\/mkv-muehlheim.de\/wp-content\/uploads\/2018\/12\/Tollitaetenempfang.jpg 1200w\" sizes=\"auto, (max-width: 525px) 100vw, 525px\" \/><\/p>\n<p>Es gibt ein kleines Programm, das hei\u00dft eine Rede, kurze Vereinsehrungen, sowie die Ehrung durch den B\u00fcrgermeisters von einem Vereinsmitglied mit dem Schl\u00fcsselorden der Stadt M\u00fchlheim und einen gemeinschaftlichen kleinen Umtrunk mit H\u00e4ppchen.<br \/>\nEingeladen zum Tollit\u00e4tenempfang werden die Tollit\u00e4ten mit einer Handvoll Begleiter (Vereinsvorsitzenden, Abteilungsleitung, etc.).<\/p>\n<hr \/>\n<p><strong>Die M\u00fchlheimer Tanz und Shownacht<\/strong><\/p>\n<p>In der Woche darauf findet unsere bei den Vereinen allseits beliebte Gardenacht statt. Bei der befreundete Vereine und Gruppierungen aus nah und fern zusammen mit uns das B\u00fchnenprogramm bestreiten.<\/p>\n<p>Der Ursprung der Veranstaltung war ja eigentlich eine Gardenacht. Daran ankn\u00fcpfend war es uns m\u00f6glich, den G\u00e4sten im vollen Saal ein vielf\u00e4ltiges Programm zu bieten. Ob Tanzmariechen, Gardet\u00e4nze, Gardesolos, Musicalausschnitte, Damen- und Herrenballette sowie moderne Showt\u00e4nze zu aktuellen Hits aus den Charts und nat\u00fcrlich Musikgruppen \u2013 alles ist vertreten. Auf B\u00fcttenreden verzichten wir bei dieser Veranstaltung bewusst. Denn man kann einen kurzweiligen Abend auch mit guter Musik und eindrucksvollen T\u00e4nzen abwechslungsreich gestalten. Der in den vergangenen Jahren st\u00e4ndig wachsende Zuspruch an unserer Veranstaltung best\u00e4tigt dies in nachhaltiger Weise.<\/p>\n<p><img loading=\"lazy\" decoding=\"async\" class=\"alignnone wp-image-397 size-large\" src=\"http:\/\/mkv-neu.mkv-muehlheim.de\/wp-content\/uploads\/2018\/12\/Gardenacht-1024x688.jpg\" alt=\"\" width=\"525\" height=\"353\" srcset=\"https:\/\/mkv-muehlheim.de\/wp-content\/uploads\/2018\/12\/Gardenacht-1024x688.jpg 1024w, https:\/\/mkv-muehlheim.de\/wp-content\/uploads\/2018\/12\/Gardenacht-300x202.jpg 300w, https:\/\/mkv-muehlheim.de\/wp-content\/uploads\/2018\/12\/Gardenacht-768x516.jpg 768w, https:\/\/mkv-muehlheim.de\/wp-content\/uploads\/2018\/12\/Gardenacht.jpg 1200w\" sizes=\"auto, (max-width: 525px) 100vw, 525px\" \/><\/p>\n<p>Nach dem offiziellen B\u00fchnenprogramm, das meistens nach Mitternacht ist, wird zum Ausklang dann noch bis in die fr\u00fchen Morgenstunden in der Sektbar gefeiert.<\/p>\n<hr \/>\n<p><strong>Der M\u00fchlheimer Rosenmontagszug<\/strong><\/p>\n<p>Zusammen mit der Stadt M\u00fchlheim richten wir den M\u00fchlheimer Rosenmontagszug aus. Der M\u00fchlheimer Fastnachtszug erfreut sich immer gr\u00f6\u00dferer Beliebtheit was man an den wachsenden Zuschauerzahlen (zwischen 28.00 und 32.000) deutlich ablesen kann.<\/p>\n<p>Der Zug selber besteht regelm\u00e4\u00dfig aus \u00fcber 95 Zugnummern mit Teilnehmern aus M\u00fchlheim und seinen Ortsteilen, sowie Gruppen und Vereinen und seiner n\u00e4heren Umgebung. F\u00fcr den Zug werden jedes Jahr zwischen 7 und 9 Musikgruppen, zumeist Guggenmusiken, verpflichtet um dem Rosenmontagszug auch den passenden musikalischen Rahmen zu verleihen.<\/p>\n<p><img loading=\"lazy\" decoding=\"async\" class=\"alignnone wp-image-405 size-large\" src=\"http:\/\/mkv-neu.mkv-muehlheim.de\/wp-content\/uploads\/2018\/12\/RoMoZug-1024x768.jpg\" alt=\"\" width=\"525\" height=\"394\" srcset=\"https:\/\/mkv-muehlheim.de\/wp-content\/uploads\/2018\/12\/RoMoZug-1024x768.jpg 1024w, https:\/\/mkv-muehlheim.de\/wp-content\/uploads\/2018\/12\/RoMoZug-300x225.jpg 300w, https:\/\/mkv-muehlheim.de\/wp-content\/uploads\/2018\/12\/RoMoZug-768x576.jpg 768w, https:\/\/mkv-muehlheim.de\/wp-content\/uploads\/2018\/12\/RoMoZug.jpg 1200w\" sizes=\"auto, (max-width: 525px) 100vw, 525px\" \/><\/p>\n<p>Auch wurde vor Jahren ein Konzept entwickelt um Pr\u00e4mien f\u00fcr die sch\u00f6nsten Fu\u00dfgruppen und Motivwagen zu vergeben. Dank unserer Sponsoren k\u00f6nnen wir diese auch jedes Jahr wieder vergeben. Die Pr\u00e4mierung der Gruppen selber findet bei beim direkt nach dem Umzug anschlie\u00dfendem Rosenmontagsrummel statt.<\/p>\n<hr \/>\n<p><strong>Rosenmontagsrummel<\/strong><\/p>\n<p><strong>UPDATE:<\/strong><\/p>\n<p>Unser Rosenmontagsrummel hei\u00dft ab diesem Jahr (2019) <strong>Zugabschlu\u00dfparty<\/strong> und findet dieses jahr erstmals im <strong>Jugendzentrum<\/strong> in M\u00fchlheim an der <strong>Rodaustra\u00dfe<\/strong> statt.<\/p>\n<p>Ge\u00f6ffnet haben wir f\u00fcr Sie ab 15:11 Uhr. Der Eintritt ist frei und die Pr\u00e4mierung der Zugteilnehmer wird auch weiterhin fortgef\u00fchrt. F\u00fcr Ihr leibliches Wohl\u00a0 ist bestens gesorgt, denn wir haben die eine oder andere Leckerei f\u00fcr Sie vorbereitet.<\/p>\n<hr \/>\n<p>Damit nach dem Rosenmontagszug keiner der Teilnehmer direkt heimgehen muss und die Zuschauer vom Zug sich noch einmal vor dem Nachhausegehen aufw\u00e4rmen k\u00f6nnen, findet jedes Jahr im Anschluss an dem Rosenmontagszug im M\u00fchlheimer B\u00fcrgerhaus unser Rosenmontagsrummel statt.<\/p>\n<p>Einlass ist um 16.30 Uhr. Es wird immer ein Showprogramm mit der Unterst\u00fctzung befreundeter Vereinen dargeboten, das die Stimmung schnell steigen l\u00e4sst. Im \u00dcbrigen wird die Pr\u00e4mierung der sch\u00f6nsten Gruppen und Motivwagen des Rosenmontagszugs vorgenommen und vor allem die Guggenmusiken toben sich nochmals richtig auf der B\u00fchne aus.<\/p>\n<p><img loading=\"lazy\" decoding=\"async\" class=\"alignnone wp-image-394 size-large\" src=\"http:\/\/mkv-neu.mkv-muehlheim.de\/wp-content\/uploads\/2018\/12\/RoMoRu-1024x688.jpg\" alt=\"\" width=\"525\" height=\"353\" srcset=\"https:\/\/mkv-muehlheim.de\/wp-content\/uploads\/2018\/12\/RoMoRu-1024x688.jpg 1024w, https:\/\/mkv-muehlheim.de\/wp-content\/uploads\/2018\/12\/RoMoRu-300x202.jpg 300w, https:\/\/mkv-muehlheim.de\/wp-content\/uploads\/2018\/12\/RoMoRu-768x516.jpg 768w, https:\/\/mkv-muehlheim.de\/wp-content\/uploads\/2018\/12\/RoMoRu.jpg 1200w\" sizes=\"auto, (max-width: 525px) 100vw, 525px\" \/><\/p>\n<p>Nach dem B\u00fchnenprogramm kann in unserer Disco bei fetziger Musik in einer tollen Atmosph\u00e4re mit guter Stimmung abgefeiert werden. Dabei ist die Sektbar f\u00fcr die ganz Harten bis tief in die Nacht ge\u00f6ffnet. Ein reichhaltiges Speisenangebot zu g\u00fcnstigen Preisen rundet das Ganze ab.<\/p>\n<hr \/>\n<p><strong>M\u00e4nnerballett-Turnier &#8222;Possmann Cup&#8220;<\/strong><\/p>\n<p>Seit 2011, zum 20-j\u00e4hrigen Jubil\u00e4ums des M\u00e4nnerballettes, veranstalten wir das M\u00fchlheimer M\u00e4nnerballettturnier, den &#8222;Possmann Cup&#8220; Der Termin wechselt immer etwas, wie halt der Veranstaltungsort, die Willy-Brandt-Halle belegt ist. Aber auf jeden Fall kurz nach der Kampagne, damit die T\u00e4nzer alle noch ihren Tanz k\u00f6nnen und ihn nicht neu einstudieren m\u00fcssen.<\/p>\n<p>Neben den B\u00fchnenauftritten der M\u00e4nnerballette sind auch immer noch Showtanzgruppen auf der B\u00fchne zu sehen. Auch so mancher Contest rund um das Turnier wird veranstaltet. So zum Beispiel der gr\u00f6\u00dfte Gesamtwadendurchmesser der Gruppen, ein Brustbehaarungswertungsspiel und die meisten vernichteten \u00c4ppler- K\u00f6rbchen.<\/p>\n<p><img loading=\"lazy\" decoding=\"async\" class=\"alignnone wp-image-398 size-large\" src=\"http:\/\/mkv-neu.mkv-muehlheim.de\/wp-content\/uploads\/2018\/12\/Possmanncup-1024x688.jpg\" alt=\"\" width=\"525\" height=\"353\" srcset=\"https:\/\/mkv-muehlheim.de\/wp-content\/uploads\/2018\/12\/Possmanncup-1024x688.jpg 1024w, https:\/\/mkv-muehlheim.de\/wp-content\/uploads\/2018\/12\/Possmanncup-300x202.jpg 300w, https:\/\/mkv-muehlheim.de\/wp-content\/uploads\/2018\/12\/Possmanncup-768x516.jpg 768w, https:\/\/mkv-muehlheim.de\/wp-content\/uploads\/2018\/12\/Possmanncup.jpg 1200w\" sizes=\"auto, (max-width: 525px) 100vw, 525px\" \/><\/p>\n<p>Da bei diesem Turnier der Spa\u00df im Vordergrund steht, gibt es nur die Platzierungen 1 bis 3 und jede Menge 4. Pl\u00e4tze dann. Der allgemeine Ausklang der Veranstaltung findet dann in der Sektbar statt.<\/p>\n","protected":false},"excerpt":{"rendered":"<p>Unsere Zugmarschallk\u00fcrung Der M\u00fchlheimer Karneval Verein e.V. beginnt im neuen Jahr recht fr\u00fch mit den ersten karnevalistischen Veranstaltungen. So wird doch generell am ersten Sonntag im neuen Jahr der\/ die Zugmarschall\/ in des MKV in der Willy-Brandt-Halle inthronisiert. Au\u00dfer den eigenen auftretenden Gruppen tritt bei dieser Veranstaltung auch als einer der ersten Programmpunkte unsere Protokollerrin &hellip; <\/p>\n<p class=\"link-more\"><a href=\"https:\/\/mkv-muehlheim.de\/?page_id=122\" class=\"more-link\"><span class=\"screen-reader-text\">\u201eVeranstaltungen\u201c<\/span> weiterlesen<\/a><\/p>\n","protected":false},"author":1,"featured_media":0,"parent":0,"menu_order":0,"comment_status":"closed","ping_status":"closed","template":"","meta":{"footnotes":""},"class_list":["post-122","page","type-page","status-publish","hentry"],"_links":{"self":[{"href":"https:\/\/mkv-muehlheim.de\/index.php?rest_route=\/wp\/v2\/pages\/122","targetHints":{"allow":["GET"]}}],"collection":[{"href":"https:\/\/mkv-muehlheim.de\/index.php?rest_route=\/wp\/v2\/pages"}],"about":[{"href":"https:\/\/mkv-muehlheim.de\/index.php?rest_route=\/wp\/v2\/types\/page"}],"author":[{"embeddable":true,"href":"https:\/\/mkv-muehlheim.de\/index.php?rest_route=\/wp\/v2\/users\/1"}],"replies":[{"embeddable":true,"href":"https:\/\/mkv-muehlheim.de\/index.php?rest_route=%2Fwp%2Fv2%2Fcomments&post=122"}],"version-history":[{"count":16,"href":"https:\/\/mkv-muehlheim.de\/index.php?rest_route=\/wp\/v2\/pages\/122\/revisions"}],"predecessor-version":[{"id":475,"href":"https:\/\/mkv-muehlheim.de\/index.php?rest_route=\/wp\/v2\/pages\/122\/revisions\/475"}],"wp:attachment":[{"href":"https:\/\/mkv-muehlheim.de\/index.php?rest_route=%2Fwp%2Fv2%2Fmedia&parent=122"}],"curies":[{"name":"wp","href":"https:\/\/api.w.org\/{rel}","templated":true}]}}