{"id":126,"date":"2018-12-26T12:02:34","date_gmt":"2018-12-26T12:02:34","guid":{"rendered":"http:\/\/mkv-neu.mkv-muehlheim.de\/?page_id=126"},"modified":"2026-02-18T08:51:02","modified_gmt":"2026-02-18T07:51:02","slug":"narrenmuehle","status":"publish","type":"page","link":"https:\/\/mkv-muehlheim.de\/?page_id=126","title":{"rendered":"Narrenm\u00fchle"},"content":{"rendered":"<p><strong>Die Narrenm\u00fchle Ausgabe 2026<\/strong><\/p>\n<p>In der neuen Ausgabe 2026 der Narrenm\u00fchle erleben Sie die Highlights der vergangen Kampagne noch einmal. Interessante Artikel \u00fcber alle Veranstaltungen des MKV sowie eine Vorschau auf kommende Veranstaltungen und viele Bilder schm\u00fccken das Kampagnenheft des MKV.<\/p>\n<p>Die Narrenm\u00fchle hat eine Auflage von 2.500 Exemplaren in DIN-A 5. Diese ist kostenlos bei den Inserenten sowie an den evtl. anstehenden Veranstaltungen des MKV und in vielen Gesch\u00e4ften in M\u00fchlheim erh\u00e4ltlich. Am Rosenmontagszug wird das Heft entlang des Zugwegs in die Haushalte verteilt.<\/p>\n<p><strong>Werbung die ankommt !<\/strong><\/p>\n<p>Infos unter <a href=\"mailto:info@mkv-muehlheim.de\">info@mkv-muehlheim.de<\/a> oder dem <a href=\"https:\/\/mkv-muehlheim.de\/?page_id=28\">Kontaktformular<\/a><\/p>\n<p>Anzeigentarife f\u00fcr die Narrenm\u00fchle des M\u00fchlheimer Karneval Verein<\/p>\n<table style=\"height: 206px; width: 83.7145%; border-collapse: collapse; background-color: #788af0;\">\n<tbody>\n<tr>\n<td style=\"width: 50%;\">\n<h4><span style=\"text-decoration: underline;\">Seitengr\u00f6\u00dfe:<\/span><\/h4>\n<\/td>\n<td style=\"width: 50%;\">\n<h4><span style=\"text-decoration: underline;\">Preis:<\/span><\/h4>\n<\/td>\n<\/tr>\n<tr>\n<td style=\"width: 50%;\">1\/1 A5<\/td>\n<td style=\"width: 50%;\">150\u20ac<\/td>\n<\/tr>\n<tr>\n<td style=\"width: 50%;\">1\/2 A5<\/td>\n<td style=\"width: 50%;\">100\u20ac<\/td>\n<\/tr>\n<tr>\n<td style=\"width: 50%;\">1\/3 A5<\/td>\n<td style=\"width: 50%;\">\u00a080\u20ac<\/td>\n<\/tr>\n<tr>\n<td style=\"width: 50%;\">1\/4 A5<\/td>\n<td style=\"width: 50%;\">\u00a050\u20ac<\/td>\n<\/tr>\n<\/tbody>\n<\/table>\n<p><a href=\"https:\/\/mkv-muehlheim.de\/wp-content\/uploads\/2025\/10\/Anzeige-Formular-2026.pdf\">Hier geht\u00b4s zum Anzeige Formular f\u00fcr 2026<\/a><\/p>\n<p>Diesen einfach unterschrieben evlt. mit Firmenvorlage an: narrenmuehle@mkv-muehlheim.de<\/p>\n<p>&nbsp;<\/p>\n<table id=\"tablepress-6\" class=\"tablepress tablepress-id-6\">\n<tbody class=\"row-hover\">\n<tr class=\"row-1\">\n<td class=\"column-1\">Die Aktuelle &#8222;Narrenm\u00fchle&#8220; Ausgabe 2026 als PDF<\/td>\n<td class=\"column-2\"><\/td>\n<td class=\"column-3\"><\/td>\n<\/tr>\n<tr class=\"row-2\">\n<td class=\"column-1\"><a href=\"https:\/\/mkv-muehlheim.de\/wp-content\/uploads\/2026\/01\/Kampagnenheft-2026.pdf\"><img loading=\"lazy\" decoding=\"async\" class=\"aligncenter wp-image-1946 size-medium\" src=\"https:\/\/mkv-muehlheim.de\/wp-content\/uploads\/2026\/01\/Cover-Narrenmuehle-2026-211x300.png\" alt=\"\" width=\"211\" height=\"300\" srcset=\"https:\/\/mkv-muehlheim.de\/wp-content\/uploads\/2026\/01\/Cover-Narrenmuehle-2026-211x300.png 211w, https:\/\/mkv-muehlheim.de\/wp-content\/uploads\/2026\/01\/Cover-Narrenmuehle-2026.png 626w\" sizes=\"auto, (max-width: 211px) 100vw, 211px\" \/><\/a><\/td>\n<td class=\"column-2\"><\/td>\n<td class=\"column-3\"><\/td>\n<\/tr>\n<tr class=\"row-3\">\n<td class=\"column-1\">(gr\u00f6\u00dfe: 138 MB)<\/td>\n<td class=\"column-2\"><\/td>\n<td class=\"column-3\"><\/td>\n<\/tr>\n<tr class=\"row-4\">\n<td class=\"column-1\">Um das PDF-Dokument zu lesen und auszudrucken, ben\u00f6tigen Sie das Programm \u201eAcrobat Reader\u201c von Adobe. Einfach kostenlos unter https:\/\/get.adobe.com\/de\/reader\/ herunterladen.<\/td>\n<td class=\"column-2\"><\/td>\n<\/tr>\n<\/tbody>\n<\/table>\n","protected":false},"excerpt":{"rendered":"<p>Die Narrenm\u00fchle Ausgabe 2026 In der neuen Ausgabe 2026 der Narrenm\u00fchle erleben Sie die Highlights der vergangen Kampagne noch einmal. Interessante Artikel \u00fcber alle Veranstaltungen des MKV sowie eine Vorschau auf kommende Veranstaltungen und viele Bilder schm\u00fccken das Kampagnenheft des MKV. Die Narrenm\u00fchle hat eine Auflage von 2.500 Exemplaren in DIN-A 5. Diese ist kostenlos &hellip; <\/p>\n<p class=\"link-more\"><a href=\"https:\/\/mkv-muehlheim.de\/?page_id=126\" class=\"more-link\"><span class=\"screen-reader-text\">\u201eNarrenm\u00fchle\u201c<\/span> weiterlesen<\/a><\/p>\n","protected":false},"author":1,"featured_media":0,"parent":0,"menu_order":0,"comment_status":"closed","ping_status":"closed","template":"","meta":{"footnotes":""},"class_list":["post-126","page","type-page","status-publish","hentry"],"_links":{"self":[{"href":"https:\/\/mkv-muehlheim.de\/index.php?rest_route=\/wp\/v2\/pages\/126","targetHints":{"allow":["GET"]}}],"collection":[{"href":"https:\/\/mkv-muehlheim.de\/index.php?rest_route=\/wp\/v2\/pages"}],"about":[{"href":"https:\/\/mkv-muehlheim.de\/index.php?rest_route=\/wp\/v2\/types\/page"}],"author":[{"embeddable":true,"href":"https:\/\/mkv-muehlheim.de\/index.php?rest_route=\/wp\/v2\/users\/1"}],"replies":[{"embeddable":true,"href":"https:\/\/mkv-muehlheim.de\/index.php?rest_route=%2Fwp%2Fv2%2Fcomments&post=126"}],"version-history":[{"count":24,"href":"https:\/\/mkv-muehlheim.de\/index.php?rest_route=\/wp\/v2\/pages\/126\/revisions"}],"predecessor-version":[{"id":1967,"href":"https:\/\/mkv-muehlheim.de\/index.php?rest_route=\/wp\/v2\/pages\/126\/revisions\/1967"}],"wp:attachment":[{"href":"https:\/\/mkv-muehlheim.de\/index.php?rest_route=%2Fwp%2Fv2%2Fmedia&parent=126"}],"curies":[{"name":"wp","href":"https:\/\/api.w.org\/{rel}","templated":true}]}}