{"id":258,"date":"2018-12-26T14:51:52","date_gmt":"2018-12-26T14:51:52","guid":{"rendered":"http:\/\/mkv-neu.mkv-muehlheim.de\/?page_id=258"},"modified":"2023-11-19T18:48:23","modified_gmt":"2023-11-19T17:48:23","slug":"beitritt-in-den-mkv","status":"publish","type":"page","link":"https:\/\/mkv-muehlheim.de\/?page_id=258","title":{"rendered":"Beitritt in den MKV"},"content":{"rendered":"<p><strong>Ihr wollt unseren Verein auch unterst\u00fctzen, dann werdet aktives oder passives Mitglied im M\u00fchlheimer Karneval Verein e.V.<\/strong><\/p>\n<p>Der Vorstand des Vereins bedankt sich an dieser Stelle bei allen aktiven und f\u00f6rdernden Mitgliedern, die die Vereinsarbeit so erst m\u00f6glich machen.<br \/>\nGanz besonders aber auch bei allen Fans, G\u00f6nnern und Sponsoren, ohne die der gro\u00dfe Erfolg des Vereins nicht denkbar w\u00e4re.<br \/>\nWenn auch Ihr die Arbeit des Vereins mit einem Mindestjahresbeitrag von 50,- \u20ac (Erwachsene) unterst\u00fctzen und Mitglied werden wollt, k\u00f6nnt Ihr euch hier die Beitrittserkl\u00e4rung ausdrucken.<\/p>\n<p>Unsere Beitr\u00e4ge:<\/p>\n<p style=\"text-align: center;\">Kinder und Jugendliche bis 17 Jahre pro Jahr 30,00 Euro<\/p>\n<p style=\"text-align: center;\">Erwachsene pro Jahr 50,00 Euro<\/p>\n<p style=\"text-align: center;\">Familienbeitrag pro Jahr 80,00 Euro<\/p>\n<p>Gerade jungen Leuten bieten wir an, sich mit einer aktiven Vereinsarbeit zu besch\u00e4ftigen und dabei als Mitglied auch Verantwortungen zu \u00fcbernehmen.<\/p>\n<p>Sie haben die m\u00f6glichkeit, sich \u00fcber den unten stehenden Link in unserem Vereinsprogramm zu registrieren f\u00fcr den Mitgliedsantrag.<\/p>\n<p><a href=\"https:\/\/easyverein.com\/public\/MKV\/applicationform\/5341\" target=\"_blank\" rel=\"noopener\">Online Vereinsverwaltung &#8211; Mitgliedsantrag<\/a><\/p>\n","protected":false},"excerpt":{"rendered":"<p>Ihr wollt unseren Verein auch unterst\u00fctzen, dann werdet aktives oder passives Mitglied im M\u00fchlheimer Karneval Verein e.V. Der Vorstand des Vereins bedankt sich an dieser Stelle bei allen aktiven und f\u00f6rdernden Mitgliedern, die die Vereinsarbeit so erst m\u00f6glich machen. Ganz besonders aber auch bei allen Fans, G\u00f6nnern und Sponsoren, ohne die der gro\u00dfe Erfolg des &hellip; <\/p>\n<p class=\"link-more\"><a href=\"https:\/\/mkv-muehlheim.de\/?page_id=258\" class=\"more-link\"><span class=\"screen-reader-text\">\u201eBeitritt in den MKV\u201c<\/span> weiterlesen<\/a><\/p>\n","protected":false},"author":1,"featured_media":0,"parent":0,"menu_order":0,"comment_status":"closed","ping_status":"closed","template":"","meta":{"footnotes":""},"class_list":["post-258","page","type-page","status-publish","hentry"],"_links":{"self":[{"href":"https:\/\/mkv-muehlheim.de\/index.php?rest_route=\/wp\/v2\/pages\/258","targetHints":{"allow":["GET"]}}],"collection":[{"href":"https:\/\/mkv-muehlheim.de\/index.php?rest_route=\/wp\/v2\/pages"}],"about":[{"href":"https:\/\/mkv-muehlheim.de\/index.php?rest_route=\/wp\/v2\/types\/page"}],"author":[{"embeddable":true,"href":"https:\/\/mkv-muehlheim.de\/index.php?rest_route=\/wp\/v2\/users\/1"}],"replies":[{"embeddable":true,"href":"https:\/\/mkv-muehlheim.de\/index.php?rest_route=%2Fwp%2Fv2%2Fcomments&post=258"}],"version-history":[{"count":12,"href":"https:\/\/mkv-muehlheim.de\/index.php?rest_route=\/wp\/v2\/pages\/258\/revisions"}],"predecessor-version":[{"id":1396,"href":"https:\/\/mkv-muehlheim.de\/index.php?rest_route=\/wp\/v2\/pages\/258\/revisions\/1396"}],"wp:attachment":[{"href":"https:\/\/mkv-muehlheim.de\/index.php?rest_route=%2Fwp%2Fv2%2Fmedia&parent=258"}],"curies":[{"name":"wp","href":"https:\/\/api.w.org\/{rel}","templated":true}]}}