{"id":313,"date":"2018-12-26T16:30:39","date_gmt":"2018-12-26T16:30:39","guid":{"rendered":"http:\/\/mkv-neu.mkv-muehlheim.de\/?page_id=313"},"modified":"2025-10-07T07:37:30","modified_gmt":"2025-10-07T05:37:30","slug":"anmeldung-und-infos-zur-gardenacht","status":"publish","type":"page","link":"https:\/\/mkv-muehlheim.de\/?page_id=313","title":{"rendered":"Anmeldung und Info\u00b4s zur Gardenacht"},"content":{"rendered":"<p><strong><u>EINLADUNG ZUR GARDENACHT DES MKV AM 10.01.2026!!<\/u><\/strong><\/p>\n<div><\/div>\n<div><\/div>\n<div>Liebe Freunde des Karnevals,<\/div>\n<div><\/div>\n<div>wir m\u00f6chten euch herzlich zur Gardenacht nach M\u00fchlheim einladen.<\/div>\n<div><\/div>\n<p><strong>Diese findet am Samstag, den\u00a010.01.2026, in der Willy-Brandt-Halle in M\u00fchlheim statt.<\/strong><\/p>\n<div><\/div>\n<div>Einlass ist um 17.11 Uhr, Beginn um 18.31. Uhr.<\/div>\n<div><\/div>\n<p>Der Kommandeursempfang findet vor der eigentlichen Veranstaltung um <strong>18.01 Uhr<\/strong>\u00a0statt, also bitte rechtzeitig anreisen.<\/p>\n<div><\/div>\n<div><\/div>\n<div><\/div>\n<div>Wir m\u00f6chten mit euch wieder ein tolles Showprogramm f\u00fcr jung und alt zusammenstellen und danach noch gemeinsam in der Sektbar abfeiern.<\/div>\n<div><\/div>\n<div>Leider mussten wir 2025 mehreren Vereinen absagen, aber wir m\u00f6chten allen die Chance geben bei unserer Veranstaltung ihren Tanz zu performen,<\/div>\n<div><\/div>\n<div>so dass wir in diesem Jahr nur 2 Gruppen\/T\u00e4nze pro Verein annehmen.<\/div>\n<div><\/div>\n<div><\/div>\n<div><\/div>\n<div><\/div>\n<p><strong>Die Eintrittspreise betragen f\u00fcr Uniformierte 5 Euro, f\u00fcr Komitee 5 Euro und f\u00fcr Zivilisten 10 Euro.<\/strong><\/p>\n<div><\/div>\n<p><strong>Prinzenpaare\/Tollit\u00e4ten und 4 Begleitpersonen haben freien Eintritt.<\/strong><\/p>\n<div><\/div>\n<p><strong>Freier Eintritt gilt ebenso f\u00fcr die auftretenden Gruppen, sowie deren Trainer\/in und der Busfahrer.<\/strong><\/p>\n<div><\/div>\n<div><\/div>\n<div><\/div>\n<div>Weitere Info\u2019s zu unserer Gardenacht erhaltet ihr nach eurer Teilnahmezusage im Dezember 2025.<\/div>\n<div><\/div>\n<div>Die Anmeldung findet ihr im Anhang.<\/div>\n<div><\/div>\n<div><\/div>\n<p><strong>ANMELDESCHLUSS ist der 30.11.2025!!!<\/strong><\/p>\n<div><\/div>\n<div>&#8211; MKV-Orgateam Gardenacht &#8211;<\/div>\n<div><\/div>\n<p>M\u00fchlheimer Karneval-Verein e.V. 1957<br \/>\nSiemensstra\u00dfe 5<\/p>\n<p>63165 M\u00fchlheim am Main<\/p>\n<div><\/div>\n<p>Uwe Weigand\u00a0(1. Vorsitzender)<br \/>\nVanessa Weber (2. Vorsitzende)<br \/>\nPeter Nohl (2. Vorsitzender)<br \/>\nOlaf Klein\u00a0(Schatzmeister)<br \/>\nJasmin Trier\u00a0(Schriftf\u00fchrerin)<\/p>\n<p><a href=\"mailto:info@mkv-muehlheim.de\" target=\"_blank\" rel=\"noopener\">info@mkv-muehlheim.de<\/a><\/p>\n<p>&nbsp;<\/p>\n<p><a href=\"https:\/\/mkv-muehlheim.de\/wp-content\/uploads\/2025\/10\/Einladung-zur-Gardenacht.jpg\" target=\"_blank\" rel=\"noopener\">Hier geht\u00b4s zur Einladung<\/a><\/p>\n<p><a href=\"https:\/\/mkv-muehlheim.de\/wp-content\/uploads\/2025\/10\/Anmeldung-zur-Gardenacht-2026.jpg\" target=\"_blank\" rel=\"noopener\">Hier geht\u00b4s zur Anmeldung<\/a><\/p>\n","protected":false},"excerpt":{"rendered":"<p>EINLADUNG ZUR GARDENACHT DES MKV AM 10.01.2026!! Liebe Freunde des Karnevals, wir m\u00f6chten euch herzlich zur Gardenacht nach M\u00fchlheim einladen. Diese findet am Samstag, den\u00a010.01.2026, in der Willy-Brandt-Halle in M\u00fchlheim statt. Einlass ist um 17.11 Uhr, Beginn um 18.31. Uhr. Der Kommandeursempfang findet vor der eigentlichen Veranstaltung um 18.01 Uhr\u00a0statt, also bitte rechtzeitig anreisen. Wir &hellip; <\/p>\n<p class=\"link-more\"><a href=\"https:\/\/mkv-muehlheim.de\/?page_id=313\" class=\"more-link\"><span class=\"screen-reader-text\">\u201eAnmeldung und Info\u00b4s zur Gardenacht\u201c<\/span> weiterlesen<\/a><\/p>\n","protected":false},"author":1,"featured_media":0,"parent":0,"menu_order":0,"comment_status":"closed","ping_status":"closed","template":"","meta":{"footnotes":""},"class_list":["post-313","page","type-page","status-publish","hentry"],"_links":{"self":[{"href":"https:\/\/mkv-muehlheim.de\/index.php?rest_route=\/wp\/v2\/pages\/313","targetHints":{"allow":["GET"]}}],"collection":[{"href":"https:\/\/mkv-muehlheim.de\/index.php?rest_route=\/wp\/v2\/pages"}],"about":[{"href":"https:\/\/mkv-muehlheim.de\/index.php?rest_route=\/wp\/v2\/types\/page"}],"author":[{"embeddable":true,"href":"https:\/\/mkv-muehlheim.de\/index.php?rest_route=\/wp\/v2\/users\/1"}],"replies":[{"embeddable":true,"href":"https:\/\/mkv-muehlheim.de\/index.php?rest_route=%2Fwp%2Fv2%2Fcomments&post=313"}],"version-history":[{"count":9,"href":"https:\/\/mkv-muehlheim.de\/index.php?rest_route=\/wp\/v2\/pages\/313\/revisions"}],"predecessor-version":[{"id":1846,"href":"https:\/\/mkv-muehlheim.de\/index.php?rest_route=\/wp\/v2\/pages\/313\/revisions\/1846"}],"wp:attachment":[{"href":"https:\/\/mkv-muehlheim.de\/index.php?rest_route=%2Fwp%2Fv2%2Fmedia&parent=313"}],"curies":[{"name":"wp","href":"https:\/\/api.w.org\/{rel}","templated":true}]}}