{"id":37,"date":"2018-12-26T10:39:35","date_gmt":"2018-12-26T10:39:35","guid":{"rendered":"http:\/\/mkv-neu.mkv-muehlheim.de\/?page_id=37"},"modified":"2026-04-04T08:10:06","modified_gmt":"2026-04-04T06:10:06","slug":"startseite","status":"publish","type":"page","link":"https:\/\/mkv-muehlheim.de\/","title":{"rendered":"Startseite"},"content":{"rendered":"<div class=\"article_intro\">\n<div class=\"article_intro\" style=\"text-align: center;\">Ab sofort steht unsere VereinsApp f\u00fcr Android und iOS zur verf\u00fcgung.<\/div>\n<div style=\"text-align: center;\"><a href=\"https:\/\/qrcode.appack.de\/karneval-muelheim \"><img loading=\"lazy\" decoding=\"async\" class=\"aligncenter wp-image-1665 size-full\" src=\"https:\/\/mkv-muehlheim.de\/wp-content\/uploads\/2024\/11\/App.png\" alt=\"\" width=\"758\" height=\"482\" srcset=\"https:\/\/mkv-muehlheim.de\/wp-content\/uploads\/2024\/11\/App.png 758w, https:\/\/mkv-muehlheim.de\/wp-content\/uploads\/2024\/11\/App-300x191.png 300w\" sizes=\"auto, (max-width: 706px) 89vw, (max-width: 767px) 82vw, 740px\" \/><\/a><\/div>\n<div style=\"text-align: center;\">Den QR-Code Scannen oder drauf klicken, und die App <span class=\"ILfuVd\" lang=\"de\"><span class=\"hgKElc\">herunterladen<\/span><\/span>.<\/div>\n<div style=\"text-align: center;\"><span style=\"color: #800000;\">Vereinsmitglieder sollten sich entsprechend \u00fcber die App Registrieren!<\/span><\/div>\n<\/div>\n<hr \/>\n<h3 style=\"text-align: center;\"><span style=\"color: #0000ff;\"><strong><span style=\"font-size: 18pt;\">Herzlich willkommen beim<\/span><\/strong><\/span><\/h3>\n<h3 style=\"text-align: center;\"><span style=\"text-decoration: underline;\"><span style=\"color: #0000ff; font-size: 24pt;\"><strong>M\u00fchlheimer Karneval Verein e.V. 1957<br \/>\n<\/strong><\/span><\/span><\/h3>\n<p><a href=\"https:\/\/mkv-muehlheim.de\/wp-content\/uploads\/2023\/12\/collage1-scaled.jpg\"><img loading=\"lazy\" decoding=\"async\" class=\"aligncenter wp-image-1427 size-full\" src=\"https:\/\/mkv-muehlheim.de\/wp-content\/uploads\/2023\/12\/collage1-scaled.jpg\" alt=\"\" width=\"2560\" height=\"1920\" srcset=\"https:\/\/mkv-muehlheim.de\/wp-content\/uploads\/2023\/12\/collage1-scaled.jpg 2560w, https:\/\/mkv-muehlheim.de\/wp-content\/uploads\/2023\/12\/collage1-300x225.jpg 300w, https:\/\/mkv-muehlheim.de\/wp-content\/uploads\/2023\/12\/collage1-1024x768.jpg 1024w, https:\/\/mkv-muehlheim.de\/wp-content\/uploads\/2023\/12\/collage1-768x576.jpg 768w, https:\/\/mkv-muehlheim.de\/wp-content\/uploads\/2023\/12\/collage1-1536x1152.jpg 1536w, https:\/\/mkv-muehlheim.de\/wp-content\/uploads\/2023\/12\/collage1-2048x1536.jpg 2048w\" sizes=\"auto, (max-width: 767px) 89vw, (max-width: 1000px) 54vw, (max-width: 1071px) 543px, 580px\" \/><\/a><\/p>\n<p class=\"nc684nl6\" style=\"text-align: center;\">Hier finden Sie aktuelle Informationen zu unseren Veranstaltungen in der Kampagne 2026\/2027, den letztj\u00e4hrigen Veranstaltungen und allgemeine Informationen zum Verein, sowie eine umfangreiche Bildergalerie.<\/p>\n<p class=\"nc684nl6\" style=\"text-align: center;\">Wir w\u00fcnschen Ihnen viel Spa\u00df auf unserer Homepage.<\/p>\n<h6><\/h6>\n<p style=\"text-align: center;\">Wer Interpunktions- und Rechtschreibfehler findet, darf sie behalten.<\/p>\n<p style=\"text-align: center;\">Diese Internetpr\u00e4senz ist responsiv designt und optimiert f\u00fcr alle Endger\u00e4te.<br \/>\n\u2026 und wurde das letzte Mal am 04.04.2026<br \/>\naktualisiert.<\/p>\n","protected":false},"excerpt":{"rendered":"<p>Ab sofort steht unsere VereinsApp f\u00fcr Android und iOS zur verf\u00fcgung. Den QR-Code Scannen oder drauf klicken, und die App herunterladen. Vereinsmitglieder sollten sich entsprechend \u00fcber die App Registrieren! Herzlich willkommen beim M\u00fchlheimer Karneval Verein e.V. 1957 Hier finden Sie aktuelle Informationen zu unseren Veranstaltungen in der Kampagne 2026\/2027, den letztj\u00e4hrigen Veranstaltungen und allgemeine Informationen &hellip; <\/p>\n<p class=\"link-more\"><a href=\"https:\/\/mkv-muehlheim.de\/\" class=\"more-link\"><span class=\"screen-reader-text\">\u201eStartseite\u201c<\/span> weiterlesen<\/a><\/p>\n","protected":false},"author":1,"featured_media":0,"parent":0,"menu_order":0,"comment_status":"closed","ping_status":"closed","template":"","meta":{"footnotes":""},"class_list":["post-37","page","type-page","status-publish","hentry"],"_links":{"self":[{"href":"https:\/\/mkv-muehlheim.de\/index.php?rest_route=\/wp\/v2\/pages\/37","targetHints":{"allow":["GET"]}}],"collection":[{"href":"https:\/\/mkv-muehlheim.de\/index.php?rest_route=\/wp\/v2\/pages"}],"about":[{"href":"https:\/\/mkv-muehlheim.de\/index.php?rest_route=\/wp\/v2\/types\/page"}],"author":[{"embeddable":true,"href":"https:\/\/mkv-muehlheim.de\/index.php?rest_route=\/wp\/v2\/users\/1"}],"replies":[{"embeddable":true,"href":"https:\/\/mkv-muehlheim.de\/index.php?rest_route=%2Fwp%2Fv2%2Fcomments&post=37"}],"version-history":[{"count":222,"href":"https:\/\/mkv-muehlheim.de\/index.php?rest_route=\/wp\/v2\/pages\/37\/revisions"}],"predecessor-version":[{"id":1993,"href":"https:\/\/mkv-muehlheim.de\/index.php?rest_route=\/wp\/v2\/pages\/37\/revisions\/1993"}],"wp:attachment":[{"href":"https:\/\/mkv-muehlheim.de\/index.php?rest_route=%2Fwp%2Fv2%2Fmedia&parent=37"}],"curies":[{"name":"wp","href":"https:\/\/api.w.org\/{rel}","templated":true}]}}