{"id":588,"date":"2019-10-29T20:58:21","date_gmt":"2019-10-29T20:58:21","guid":{"rendered":"http:\/\/mkv-neu.mkv-muehlheim.de\/?page_id=588"},"modified":"2021-02-04T13:06:34","modified_gmt":"2021-02-04T13:06:34","slug":"bausteinaktion","status":"publish","type":"page","link":"https:\/\/mkv-muehlheim.de\/?page_id=588","title":{"rendered":"Bausteinaktion"},"content":{"rendered":"<div class=\"o9v6fnle cxmmr5t8 oygrvhab hcukyx3x c1et5uql ii04i59q\">\n<h2 dir=\"auto\"><span style=\"color: #ff0000;\"><strong>Wir bedanken uns herzlichst bei allen, die uns mit dem Kauf eines oder mehrerer Bausteine unterst\u00fctzt haben!<\/strong><\/span><\/h2>\n<div dir=\"auto\">Nur mit dieser Hilfe war es uns m\u00f6glich, das neue Vereinsheim in der Siemensstra\u00dfe f\u00fcr unsere Bed\u00fcrfnisse zu gestalten.<\/div>\n<\/div>\n<div class=\"o9v6fnle cxmmr5t8 oygrvhab hcukyx3x c1et5uql ii04i59q\">\n<div dir=\"auto\">Wir hoffen, dass wir m\u00f6glichst bald eine kleine Einweihungsfeier f\u00fcr Euch organisieren k\u00f6nnen. N\u00e4here Infos dazu folgen zu gegebener Zeit.<\/div>\n<\/div>\n<div class=\"o9v6fnle cxmmr5t8 oygrvhab hcukyx3x c1et5uql ii04i59q\">\n<div dir=\"auto\">Wer den M\u00fchlheimer Karneval Verein e.V. auch ohne Bausteinaktion unterst\u00fctzen m\u00f6chte, kann dies beispielsweise in Form einer <a href=\"http:\/\/mkv-neu.mkv-muehlheim.de\/?page_id=258\">Mitgliedschaft<\/a> tun.<\/div>\n<div dir=\"auto\">Auch Spenden zur Aufrechterhaltung des Vereins w\u00e4hrend dieser au\u00dfergew\u00f6hnlichen Zeit nehmen wir gerne an.<\/div>\n<div dir=\"auto\"><\/div>\n<\/div>\n<div class=\"o9v6fnle cxmmr5t8 oygrvhab hcukyx3x c1et5uql ii04i59q\">\n<div dir=\"auto\">Auf ein hoffentlich baldiges Wiedersehen freuen wir uns schon jetzt.<\/div>\n<\/div>\n<div class=\"o9v6fnle cxmmr5t8 oygrvhab hcukyx3x c1et5uql ii04i59q\">\n<div dir=\"auto\">Euer M\u00fchlheimer Karneval Verein e.V.<\/div>\n<div dir=\"auto\"><span style=\"color: #ffffff;\">&#8211;<\/span><\/div>\n<div dir=\"auto\"><\/div>\n<\/div>\n<div class=\"o9v6fnle cxmmr5t8 oygrvhab hcukyx3x c1et5uql ii04i59q\">\n<h1 dir=\"auto\"><strong>M\u00fcllem &#8211; Helau<\/strong> <span class=\"pq6dq46d tbxw36s4 knj5qynh kvgmc6g5 ditlmg2l oygrvhab nvdbi5me sf5mxxl7 gl3lb2sf hhz5lgdu\"><img loading=\"lazy\" decoding=\"async\" src=\"https:\/\/static.xx.fbcdn.net\/images\/emoji.php\/v9\/t8c\/1\/16\/1f389.png\" alt=\"\" width=\"16\" height=\"16\" \/><\/span><\/h1>\n<p>&nbsp;<\/p>\n<\/div>\n<p>&nbsp;<\/p>\n<h1 style=\"text-align: center;\"><img loading=\"lazy\" decoding=\"async\" class=\"alignnone wp-image-59\" src=\"http:\/\/mkv-neu.mkv-muehlheim.de\/wp-content\/uploads\/2018\/12\/Narr-MKV-269x300.jpg\" alt=\"\" width=\"169\" height=\"188\" srcset=\"https:\/\/mkv-muehlheim.de\/wp-content\/uploads\/2018\/12\/Narr-MKV-269x300.jpg 269w, https:\/\/mkv-muehlheim.de\/wp-content\/uploads\/2018\/12\/Narr-MKV.jpg 367w\" sizes=\"auto, (max-width: 169px) 100vw, 169px\" \/><\/h1>\n<h1 style=\"text-align: center;\"><strong>Bausteinaktion f\u00fcr unser Projekt<\/strong><\/h1>\n<h6 style=\"text-align: center;\"><strong>&#8222;Neues Vereinsheim des MKV&#8220;<\/strong><\/h6>\n<h6><strong>Liebe Mitglieder, Freunde und G\u00f6nner des MKV,<\/strong><\/h6>\n<p>der M\u00fchlheimer Karneval-Verein zieht um und zwar dauerhaft. In einem auf dem Gel\u00e4nde der Wohnbau M\u00fchlheim am Main GmbH errichteten Geb\u00e4ude entsteht das neue Vereinsheim des MKV. Wir wollen mit dieser Ma\u00dfnahme eine w\u00fcrdige Heimstatt f\u00fcr unseren Verein und Insbesondere f\u00fcr unsere Jugend schaffen.<\/p>\n<p>Der Innenausbau, dessen Kosten mit ca. 35.000 &#8211; 40.000 Euro veranschlagt sind, wird vom MKV geleistet.<\/p>\n<p>Gelingen kann uns das aber nur gemeinsam. Aus diesem Grund sind wir auf ihre Hilfe angewiesen und haben die Bausteinaktion ins Leben gerufen!<\/p>\n<p>Helfen sie uns mit ihrer Spende, in dem sie einen oder mehrere Bausteine erwerben!<\/p>\n<p style=\"text-align: center;\">Baustein Piccolo:\u00a0 \u20ac 20,&#8211;<\/p>\n<p style=\"text-align: center;\">Baustein Medium:\u00a0 \u20ac 50,&#8211;<\/p>\n<p style=\"text-align: center;\">Baustein Maxi:\u00a0 \u20ac 100,&#8211;<\/p>\n<p>&nbsp;<\/p>\n<h6><strong>Was passiert mit ihrem Geld?<\/strong><\/h6>\n<p>Ihr Geld wird in die Zukunft des karnevalistischen Brauchtums der Stadt M\u00fchlheim a.M. investiert. Mit ihrer Spende bauen wir das neue Vereinsheim des MKV aus, unter dessen Dach s\u00e4mtliche Vereinsaktivit\u00e4ten stattfinden und das auch insbesondere unserer Jugend eine neue Heimat und Raum f\u00fcr Entwicklung gibt. Ein Ort der Zusammenkunft und des Lernens, sowohl f\u00fcr die junge, als auch f\u00fcr die \u00e4ltere Generation.<\/p>\n<h6><strong>Was erhalten Sie als Dankesch\u00f6n f\u00fcr ihre Spende?<\/strong><\/h6>\n<p>Als Pr\u00e4sent erhalten sie von uns am Er\u00f6ffnungstag des Vereinsheims eine pers\u00f6nliche Urkunde. Uns ist es wichtig, dass auch die n\u00e4chste Generation wei\u00df, dass ohne ihre finanzielle Mithilfe dieses Projekt nicht zu Stande gekommen w\u00e4re. Aus diesem Grund wird ihr Name auf einer Bausteintafel im neuen Vereinsheim verewigt.<\/p>\n<h6><strong>Kann ich mich von meiner Investition \u00fcberzeugen?<\/strong><\/h6>\n<p>Besuchen sie uns nach Beginn des Innenausbaus auf der Baustelle in der Siemensstra\u00dfe 5. Wir geben ihnen einen \u00dcberblick \u00fcber das bereits Geschaffene sowie die noch anstehenden Arbeiten. Auf der Homepage informieren wir \u00fcber den Stand der Arbeiten.<\/p>\n<h6><strong>Ich habe noch weitere Fragen:<\/strong><\/h6>\n<p>Kontaktieren sie uns mittels Kontaktformular hier auf unserer Homepage.<\/p>\n<p>Wir nehmen schnellstm\u00f6glich Kontakt mit ihnen auf.<\/p>\n<p>&nbsp;<\/p>\n<p>Andreas Sattler 1. Vorsitzender M\u00fchlheimer Karneval-Verein e.V. 1957<\/p>\n","protected":false},"excerpt":{"rendered":"<p>Wir bedanken uns herzlichst bei allen, die uns mit dem Kauf eines oder mehrerer Bausteine unterst\u00fctzt haben! Nur mit dieser Hilfe war es uns m\u00f6glich, das neue Vereinsheim in der Siemensstra\u00dfe f\u00fcr unsere Bed\u00fcrfnisse zu gestalten. Wir hoffen, dass wir m\u00f6glichst bald eine kleine Einweihungsfeier f\u00fcr Euch organisieren k\u00f6nnen. N\u00e4here Infos dazu folgen zu gegebener &hellip; <\/p>\n<p class=\"link-more\"><a href=\"https:\/\/mkv-muehlheim.de\/?page_id=588\" class=\"more-link\"><span class=\"screen-reader-text\">\u201eBausteinaktion\u201c<\/span> weiterlesen<\/a><\/p>\n","protected":false},"author":2,"featured_media":0,"parent":0,"menu_order":0,"comment_status":"closed","ping_status":"closed","template":"","meta":{"footnotes":""},"class_list":["post-588","page","type-page","status-publish","hentry"],"_links":{"self":[{"href":"https:\/\/mkv-muehlheim.de\/index.php?rest_route=\/wp\/v2\/pages\/588","targetHints":{"allow":["GET"]}}],"collection":[{"href":"https:\/\/mkv-muehlheim.de\/index.php?rest_route=\/wp\/v2\/pages"}],"about":[{"href":"https:\/\/mkv-muehlheim.de\/index.php?rest_route=\/wp\/v2\/types\/page"}],"author":[{"embeddable":true,"href":"https:\/\/mkv-muehlheim.de\/index.php?rest_route=\/wp\/v2\/users\/2"}],"replies":[{"embeddable":true,"href":"https:\/\/mkv-muehlheim.de\/index.php?rest_route=%2Fwp%2Fv2%2Fcomments&post=588"}],"version-history":[{"count":8,"href":"https:\/\/mkv-muehlheim.de\/index.php?rest_route=\/wp\/v2\/pages\/588\/revisions"}],"predecessor-version":[{"id":921,"href":"https:\/\/mkv-muehlheim.de\/index.php?rest_route=\/wp\/v2\/pages\/588\/revisions\/921"}],"wp:attachment":[{"href":"https:\/\/mkv-muehlheim.de\/index.php?rest_route=%2Fwp%2Fv2%2Fmedia&parent=588"}],"curies":[{"name":"wp","href":"https:\/\/api.w.org\/{rel}","templated":true}]}}