{"id":678,"date":"2020-02-16T14:09:08","date_gmt":"2020-02-16T14:09:08","guid":{"rendered":"http:\/\/mkv-neu.mkv-muehlheim.de\/?page_id=678"},"modified":"2021-03-02T17:25:17","modified_gmt":"2021-03-02T17:25:17","slug":"neues-vereinsheim","status":"publish","type":"page","link":"https:\/\/mkv-muehlheim.de\/?page_id=678","title":{"rendered":"Vereinsheim"},"content":{"rendered":"<p style=\"text-align: center;\">Unser neues Vereinsheim<\/p>\n<p>&nbsp;<\/p>\n<p>Im Sommer 2011 bezogen wir unser derzeitiges Vereinsheim in der Dieselstr. 4-6. Viele Kampagnen sind seither vergangen und wir haben viele tolle Veranstaltungen wie Oktoberfeste, Dartturniere, Kinderflohm\u00e4rkte, Weihnachtsfeiern, Damen- und, Herrensitzungen, Tollit\u00e4tenempf\u00e4nge, Kreppelkaffees und vieles mehr mit Euch in diesen R\u00e4umen feiern k\u00f6nnen. F\u00fcr unsere Mitglieder besteht auch die M\u00f6glichkeit, das Vereinsheim des M\u00fchlheimer Karneval Verein e.V. privat f\u00fcr Geburtstage, Jubil\u00e4en oder andere Feiern zu mieten. Doch die Tage in unserem \u201ealten\u201c Vereinsheim sind gez\u00e4hlt. Zum 01. Juni 2020 werden wir dauerhaft umziehen in ein auf dem Gel\u00e4nde der Wohnbau M\u00fchlheim am Main GmbH errichteten Geb\u00e4ude in der Siemensstra\u00dfe 5. Das Geb\u00e4ude ist bereits errichtet und unser Bautrupp hat vor kurzem mit dem Innenausbau begonnen. Wir m\u00f6chten Euch hier \u00fcber den Fortschritt der Bauma\u00dfnahmen auf dem Laufenden halten. Denn nur mit Eurer Unterst\u00fctzung, sei es vor Ort, durch Sachspenden oder durch die Beteiligung an unserer <a href=\"http:\/\/mkv-neu.mkv-muehlheim.de\/?page_id=588\">Bausteinaktion<\/a>, ist die Realisierung dieses gro\u00dfen Projektes f\u00fcr uns m\u00f6glich! Wer sich an den Bauma\u00dfnahmen beteiligen m\u00f6chte, kann sich in die <a href=\"https:\/\/docs.google.com\/document\/d\/1KT4zRcG1ix07KlwHAsQYzdP9x69PSciW351HX4t_cII\/edit\">Einsatzplanung<\/a> eintragen lassen.<\/p>\n<p>Der Vorstand des M\u00fchlheimer Karneval Verein e.V. bedankt sich schon jetzt bei allen flei\u00dfigen Helfern, die zum Gelingen des Ausbaus und des Umzuges beitragen!<\/p>\n<p>&nbsp;<\/p>\n<p>Bilder vom 15.02.2020<\/p>\n<p>Der Bautrupp hat bereits den Holzboden verlegt und widmet sich nun der Wandverkleidung.<\/p>\n<p><img loading=\"lazy\" decoding=\"async\" class=\"alignnone wp-image-688 size-large\" src=\"http:\/\/mkv-neu.mkv-muehlheim.de\/wp-content\/uploads\/2020\/02\/vorne-770x1024.jpg\" alt=\"\" width=\"525\" height=\"698\" srcset=\"https:\/\/mkv-muehlheim.de\/wp-content\/uploads\/2020\/02\/vorne-770x1024.jpg 770w, https:\/\/mkv-muehlheim.de\/wp-content\/uploads\/2020\/02\/vorne-226x300.jpg 226w, https:\/\/mkv-muehlheim.de\/wp-content\/uploads\/2020\/02\/vorne-768x1022.jpg 768w, https:\/\/mkv-muehlheim.de\/wp-content\/uploads\/2020\/02\/vorne.jpg 1387w\" sizes=\"auto, (max-width: 525px) 100vw, 525px\" \/><\/p>\n<p>Blick von der B\u00fchne in den Saal und auf die (noch nicht sichtbaren) weiteren R\u00e4ume<\/p>\n<p>&nbsp;<\/p>\n<p><img loading=\"lazy\" decoding=\"async\" class=\"alignnone wp-image-686 size-large\" src=\"http:\/\/mkv-neu.mkv-muehlheim.de\/wp-content\/uploads\/2020\/02\/hinten-770x1024.jpg\" alt=\"\" width=\"525\" height=\"698\" srcset=\"https:\/\/mkv-muehlheim.de\/wp-content\/uploads\/2020\/02\/hinten-770x1024.jpg 770w, https:\/\/mkv-muehlheim.de\/wp-content\/uploads\/2020\/02\/hinten-226x300.jpg 226w, https:\/\/mkv-muehlheim.de\/wp-content\/uploads\/2020\/02\/hinten-768x1022.jpg 768w, https:\/\/mkv-muehlheim.de\/wp-content\/uploads\/2020\/02\/hinten.jpg 1387w\" sizes=\"auto, (max-width: 525px) 100vw, 525px\" \/><\/p>\n<p>Blick vom Flur zwischen Lager- und Sitzungsr\u00e4umen<\/p>\n<p>&nbsp;<\/p>\n<p><img loading=\"lazy\" decoding=\"async\" class=\"alignnone wp-image-687 size-large\" src=\"http:\/\/mkv-neu.mkv-muehlheim.de\/wp-content\/uploads\/2020\/02\/kreiss\u00e4ge-770x1024.jpg\" alt=\"\" width=\"525\" height=\"698\" srcset=\"https:\/\/mkv-muehlheim.de\/wp-content\/uploads\/2020\/02\/kreiss\u00e4ge-770x1024.jpg 770w, https:\/\/mkv-muehlheim.de\/wp-content\/uploads\/2020\/02\/kreiss\u00e4ge-226x300.jpg 226w, https:\/\/mkv-muehlheim.de\/wp-content\/uploads\/2020\/02\/kreiss\u00e4ge-768x1022.jpg 768w, https:\/\/mkv-muehlheim.de\/wp-content\/uploads\/2020\/02\/kreiss\u00e4ge.jpg 1387w\" sizes=\"auto, (max-width: 525px) 100vw, 525px\" \/><\/p>\n<p>Wer will flei\u00dfige Handwerker seh`n?<\/p>\n<p>&nbsp;<\/p>\n<p><img loading=\"lazy\" decoding=\"async\" class=\"alignnone wp-image-689 size-large\" src=\"http:\/\/mkv-neu.mkv-muehlheim.de\/wp-content\/uploads\/2020\/02\/wandfarbe-770x1024.jpg\" alt=\"\" width=\"525\" height=\"698\" srcset=\"https:\/\/mkv-muehlheim.de\/wp-content\/uploads\/2020\/02\/wandfarbe-770x1024.jpg 770w, https:\/\/mkv-muehlheim.de\/wp-content\/uploads\/2020\/02\/wandfarbe-226x300.jpg 226w, https:\/\/mkv-muehlheim.de\/wp-content\/uploads\/2020\/02\/wandfarbe-768x1022.jpg 768w, https:\/\/mkv-muehlheim.de\/wp-content\/uploads\/2020\/02\/wandfarbe.jpg 1387w\" sizes=\"auto, (max-width: 525px) 100vw, 525px\" \/><\/p>\n<p>Welche Farbe werden die W\u00e4nde bekommen?<\/p>\n<p>&nbsp;<\/p>\n<p><img loading=\"lazy\" decoding=\"async\" class=\"alignnone wp-image-685 size-large\" src=\"http:\/\/mkv-neu.mkv-muehlheim.de\/wp-content\/uploads\/2020\/02\/boden-770x1024.jpg\" alt=\"\" width=\"525\" height=\"698\" srcset=\"https:\/\/mkv-muehlheim.de\/wp-content\/uploads\/2020\/02\/boden-770x1024.jpg 770w, https:\/\/mkv-muehlheim.de\/wp-content\/uploads\/2020\/02\/boden-226x300.jpg 226w, https:\/\/mkv-muehlheim.de\/wp-content\/uploads\/2020\/02\/boden-768x1022.jpg 768w, https:\/\/mkv-muehlheim.de\/wp-content\/uploads\/2020\/02\/boden.jpg 1387w\" sizes=\"auto, (max-width: 525px) 100vw, 525px\" \/><\/p>\n<p>Hier entstehen die Sanit\u00e4rr\u00e4ume<\/p>\n<p>&nbsp;<\/p>\n<p>Update vom 01.03.2020<\/p>\n<p><img loading=\"lazy\" decoding=\"async\" class=\"alignnone wp-image-706 size-large\" src=\"http:\/\/mkv-neu.mkv-muehlheim.de\/wp-content\/uploads\/2020\/03\/WhatsApp-Image-2020-03-01-at-09.00.07-576x1024.jpeg\" alt=\"\" width=\"525\" height=\"933\" srcset=\"https:\/\/mkv-muehlheim.de\/wp-content\/uploads\/2020\/03\/WhatsApp-Image-2020-03-01-at-09.00.07-576x1024.jpeg 576w, https:\/\/mkv-muehlheim.de\/wp-content\/uploads\/2020\/03\/WhatsApp-Image-2020-03-01-at-09.00.07-169x300.jpeg 169w, https:\/\/mkv-muehlheim.de\/wp-content\/uploads\/2020\/03\/WhatsApp-Image-2020-03-01-at-09.00.07-768x1365.jpeg 768w, https:\/\/mkv-muehlheim.de\/wp-content\/uploads\/2020\/03\/WhatsApp-Image-2020-03-01-at-09.00.07.jpeg 900w\" sizes=\"auto, (max-width: 525px) 100vw, 525px\" \/><\/p>\n<p>Der Trockenbau ist im vollem Gange&#8230;<\/p>\n<p>&nbsp;<\/p>\n<p><img loading=\"lazy\" decoding=\"async\" class=\"alignnone wp-image-708 size-large\" src=\"http:\/\/mkv-neu.mkv-muehlheim.de\/wp-content\/uploads\/2020\/03\/WhatsApp-Image-2020-03-01-at-09.00.08-576x1024.jpeg\" alt=\"\" width=\"525\" height=\"933\" srcset=\"https:\/\/mkv-muehlheim.de\/wp-content\/uploads\/2020\/03\/WhatsApp-Image-2020-03-01-at-09.00.08-576x1024.jpeg 576w, https:\/\/mkv-muehlheim.de\/wp-content\/uploads\/2020\/03\/WhatsApp-Image-2020-03-01-at-09.00.08-169x300.jpeg 169w, https:\/\/mkv-muehlheim.de\/wp-content\/uploads\/2020\/03\/WhatsApp-Image-2020-03-01-at-09.00.08-768x1365.jpeg 768w, https:\/\/mkv-muehlheim.de\/wp-content\/uploads\/2020\/03\/WhatsApp-Image-2020-03-01-at-09.00.08.jpeg 900w\" sizes=\"auto, (max-width: 525px) 100vw, 525px\" \/><\/p>\n<p><img loading=\"lazy\" decoding=\"async\" class=\"alignnone wp-image-707 size-large\" src=\"http:\/\/mkv-neu.mkv-muehlheim.de\/wp-content\/uploads\/2020\/03\/WhatsApp-Image-2020-03-01-at-09.00.08-1-576x1024.jpeg\" alt=\"\" width=\"525\" height=\"933\" srcset=\"https:\/\/mkv-muehlheim.de\/wp-content\/uploads\/2020\/03\/WhatsApp-Image-2020-03-01-at-09.00.08-1-576x1024.jpeg 576w, https:\/\/mkv-muehlheim.de\/wp-content\/uploads\/2020\/03\/WhatsApp-Image-2020-03-01-at-09.00.08-1-169x300.jpeg 169w, https:\/\/mkv-muehlheim.de\/wp-content\/uploads\/2020\/03\/WhatsApp-Image-2020-03-01-at-09.00.08-1.jpeg 720w\" sizes=\"auto, (max-width: 525px) 100vw, 525px\" \/><\/p>\n<p><img loading=\"lazy\" decoding=\"async\" class=\"alignnone wp-image-709 size-large\" src=\"http:\/\/mkv-neu.mkv-muehlheim.de\/wp-content\/uploads\/2020\/03\/WhatsApp-Image-2020-03-01-at-09.01.11-576x1024.jpeg\" alt=\"\" width=\"525\" height=\"933\" srcset=\"https:\/\/mkv-muehlheim.de\/wp-content\/uploads\/2020\/03\/WhatsApp-Image-2020-03-01-at-09.01.11-576x1024.jpeg 576w, https:\/\/mkv-muehlheim.de\/wp-content\/uploads\/2020\/03\/WhatsApp-Image-2020-03-01-at-09.01.11-169x300.jpeg 169w, https:\/\/mkv-muehlheim.de\/wp-content\/uploads\/2020\/03\/WhatsApp-Image-2020-03-01-at-09.01.11-768x1365.jpeg 768w, https:\/\/mkv-muehlheim.de\/wp-content\/uploads\/2020\/03\/WhatsApp-Image-2020-03-01-at-09.01.11.jpeg 900w\" sizes=\"auto, (max-width: 525px) 100vw, 525px\" \/><\/p>\n<p>&#8230;Kabelsalat&#8230;<\/p>\n<p>&nbsp;<\/p>\n<p><img loading=\"lazy\" decoding=\"async\" class=\"alignnone wp-image-710 size-large\" src=\"http:\/\/mkv-neu.mkv-muehlheim.de\/wp-content\/uploads\/2020\/03\/WhatsApp-Image-2020-03-01-at-09.02.26-1024x576.jpeg\" alt=\"\" width=\"525\" height=\"295\" srcset=\"https:\/\/mkv-muehlheim.de\/wp-content\/uploads\/2020\/03\/WhatsApp-Image-2020-03-01-at-09.02.26-1024x576.jpeg 1024w, https:\/\/mkv-muehlheim.de\/wp-content\/uploads\/2020\/03\/WhatsApp-Image-2020-03-01-at-09.02.26-300x169.jpeg 300w, https:\/\/mkv-muehlheim.de\/wp-content\/uploads\/2020\/03\/WhatsApp-Image-2020-03-01-at-09.02.26-768x432.jpeg 768w, https:\/\/mkv-muehlheim.de\/wp-content\/uploads\/2020\/03\/WhatsApp-Image-2020-03-01-at-09.02.26.jpeg 1600w\" sizes=\"auto, (max-width: 525px) 100vw, 525px\" \/><\/p>\n<p>Das alles und noch mehr&#8230;muss noch verschafft werden.<\/p>\n<p>&nbsp;<\/p>\n<p>Update vom 07.03.2020<\/p>\n<p><img loading=\"lazy\" decoding=\"async\" class=\"alignnone wp-image-727 size-large\" src=\"http:\/\/mkv-neu.mkv-muehlheim.de\/wp-content\/uploads\/2020\/03\/WhatsApp-Image-2020-03-07-at-14.55.10-1024x576.jpeg\" alt=\"\" width=\"525\" height=\"295\" srcset=\"https:\/\/mkv-muehlheim.de\/wp-content\/uploads\/2020\/03\/WhatsApp-Image-2020-03-07-at-14.55.10-1024x576.jpeg 1024w, https:\/\/mkv-muehlheim.de\/wp-content\/uploads\/2020\/03\/WhatsApp-Image-2020-03-07-at-14.55.10-300x169.jpeg 300w, https:\/\/mkv-muehlheim.de\/wp-content\/uploads\/2020\/03\/WhatsApp-Image-2020-03-07-at-14.55.10-768x432.jpeg 768w, https:\/\/mkv-muehlheim.de\/wp-content\/uploads\/2020\/03\/WhatsApp-Image-2020-03-07-at-14.55.10.jpeg 1600w\" sizes=\"auto, (max-width: 525px) 100vw, 525px\" \/><\/p>\n<p>Die Lager schweben ein.<\/p>\n<p>&nbsp;<\/p>\n<p><img loading=\"lazy\" decoding=\"async\" class=\"alignnone wp-image-728 size-large\" src=\"http:\/\/mkv-neu.mkv-muehlheim.de\/wp-content\/uploads\/2020\/03\/WhatsApp-Image-2020-03-07-at-14.56.32-1024x576.jpeg\" alt=\"\" width=\"525\" height=\"295\" srcset=\"https:\/\/mkv-muehlheim.de\/wp-content\/uploads\/2020\/03\/WhatsApp-Image-2020-03-07-at-14.56.32-1024x576.jpeg 1024w, https:\/\/mkv-muehlheim.de\/wp-content\/uploads\/2020\/03\/WhatsApp-Image-2020-03-07-at-14.56.32-300x169.jpeg 300w, https:\/\/mkv-muehlheim.de\/wp-content\/uploads\/2020\/03\/WhatsApp-Image-2020-03-07-at-14.56.32-768x432.jpeg 768w, https:\/\/mkv-muehlheim.de\/wp-content\/uploads\/2020\/03\/WhatsApp-Image-2020-03-07-at-14.56.32.jpeg 1600w\" sizes=\"auto, (max-width: 525px) 100vw, 525px\" \/><\/p>\n<p>Die neuen Damentoiletten entstehen.<\/p>\n<p>&nbsp;<\/p>\n<p><img loading=\"lazy\" decoding=\"async\" class=\"alignnone wp-image-729 size-large\" src=\"http:\/\/mkv-neu.mkv-muehlheim.de\/wp-content\/uploads\/2020\/03\/WhatsApp-Image-2020-03-07-at-14.57.43-576x1024.jpeg\" alt=\"\" width=\"525\" height=\"933\" srcset=\"https:\/\/mkv-muehlheim.de\/wp-content\/uploads\/2020\/03\/WhatsApp-Image-2020-03-07-at-14.57.43-576x1024.jpeg 576w, https:\/\/mkv-muehlheim.de\/wp-content\/uploads\/2020\/03\/WhatsApp-Image-2020-03-07-at-14.57.43-169x300.jpeg 169w, https:\/\/mkv-muehlheim.de\/wp-content\/uploads\/2020\/03\/WhatsApp-Image-2020-03-07-at-14.57.43-768x1365.jpeg 768w, https:\/\/mkv-muehlheim.de\/wp-content\/uploads\/2020\/03\/WhatsApp-Image-2020-03-07-at-14.57.43.jpeg 900w\" sizes=\"auto, (max-width: 525px) 100vw, 525px\" \/><\/p>\n<p>Der Jugendraum nimmt Gestalt an.<\/p>\n<p>&nbsp;<\/p>\n<p><img loading=\"lazy\" decoding=\"async\" class=\"alignnone wp-image-730 size-large\" src=\"http:\/\/mkv-neu.mkv-muehlheim.de\/wp-content\/uploads\/2020\/03\/WhatsApp-Image-2020-03-07-at-14.58.31-1024x576.jpeg\" alt=\"\" width=\"525\" height=\"295\" srcset=\"https:\/\/mkv-muehlheim.de\/wp-content\/uploads\/2020\/03\/WhatsApp-Image-2020-03-07-at-14.58.31-1024x576.jpeg 1024w, https:\/\/mkv-muehlheim.de\/wp-content\/uploads\/2020\/03\/WhatsApp-Image-2020-03-07-at-14.58.31-300x169.jpeg 300w, https:\/\/mkv-muehlheim.de\/wp-content\/uploads\/2020\/03\/WhatsApp-Image-2020-03-07-at-14.58.31-768x432.jpeg 768w, https:\/\/mkv-muehlheim.de\/wp-content\/uploads\/2020\/03\/WhatsApp-Image-2020-03-07-at-14.58.31.jpeg 1600w\" sizes=\"auto, (max-width: 525px) 100vw, 525px\" \/><\/p>\n<p>&#8230;Dachabdichtung&#8230;<\/p>\n<p>&nbsp;<\/p>\n<p>Update vom 14.03.2020<\/p>\n<p><img loading=\"lazy\" decoding=\"async\" class=\"alignnone wp-image-741 size-large\" src=\"http:\/\/mkv-neu.mkv-muehlheim.de\/wp-content\/uploads\/2020\/03\/WhatsApp-Image-2020-03-14-at-19.28.11-1024x576.jpeg\" alt=\"\" width=\"525\" height=\"295\" srcset=\"https:\/\/mkv-muehlheim.de\/wp-content\/uploads\/2020\/03\/WhatsApp-Image-2020-03-14-at-19.28.11-1024x576.jpeg 1024w, https:\/\/mkv-muehlheim.de\/wp-content\/uploads\/2020\/03\/WhatsApp-Image-2020-03-14-at-19.28.11-300x169.jpeg 300w, https:\/\/mkv-muehlheim.de\/wp-content\/uploads\/2020\/03\/WhatsApp-Image-2020-03-14-at-19.28.11-768x432.jpeg 768w, https:\/\/mkv-muehlheim.de\/wp-content\/uploads\/2020\/03\/WhatsApp-Image-2020-03-14-at-19.28.11.jpeg 1600w\" sizes=\"auto, (max-width: 525px) 100vw, 525px\" \/><\/p>\n<p>Die Keramik w\u00e4chst..<\/p>\n<p>&nbsp;<\/p>\n<p><img loading=\"lazy\" decoding=\"async\" class=\"alignnone wp-image-742 size-large\" src=\"http:\/\/mkv-neu.mkv-muehlheim.de\/wp-content\/uploads\/2020\/03\/WhatsApp-Image-2020-03-14-at-19.29.24-576x1024.jpeg\" alt=\"\" width=\"525\" height=\"933\" srcset=\"https:\/\/mkv-muehlheim.de\/wp-content\/uploads\/2020\/03\/WhatsApp-Image-2020-03-14-at-19.29.24-576x1024.jpeg 576w, https:\/\/mkv-muehlheim.de\/wp-content\/uploads\/2020\/03\/WhatsApp-Image-2020-03-14-at-19.29.24-169x300.jpeg 169w, https:\/\/mkv-muehlheim.de\/wp-content\/uploads\/2020\/03\/WhatsApp-Image-2020-03-14-at-19.29.24-768x1365.jpeg 768w, https:\/\/mkv-muehlheim.de\/wp-content\/uploads\/2020\/03\/WhatsApp-Image-2020-03-14-at-19.29.24.jpeg 900w\" sizes=\"auto, (max-width: 525px) 100vw, 525px\" \/><\/p>\n<p>Der neue Eingangsbereich<\/p>\n<p>&nbsp;<\/p>\n<p><img loading=\"lazy\" decoding=\"async\" class=\"alignnone wp-image-743 size-large\" src=\"http:\/\/mkv-neu.mkv-muehlheim.de\/wp-content\/uploads\/2020\/03\/WhatsApp-Image-2020-03-14-at-19.30.18-576x1024.jpeg\" alt=\"\" width=\"525\" height=\"933\" srcset=\"https:\/\/mkv-muehlheim.de\/wp-content\/uploads\/2020\/03\/WhatsApp-Image-2020-03-14-at-19.30.18-576x1024.jpeg 576w, https:\/\/mkv-muehlheim.de\/wp-content\/uploads\/2020\/03\/WhatsApp-Image-2020-03-14-at-19.30.18-169x300.jpeg 169w, https:\/\/mkv-muehlheim.de\/wp-content\/uploads\/2020\/03\/WhatsApp-Image-2020-03-14-at-19.30.18-768x1365.jpeg 768w, https:\/\/mkv-muehlheim.de\/wp-content\/uploads\/2020\/03\/WhatsApp-Image-2020-03-14-at-19.30.18.jpeg 900w\" sizes=\"auto, (max-width: 525px) 100vw, 525px\" \/><\/p>\n<p>Elektro, Elektro, Elektro&#8230;.<\/p>\n<p>&nbsp;<\/p>\n<p><img loading=\"lazy\" decoding=\"async\" class=\"alignnone wp-image-744 size-large\" src=\"http:\/\/mkv-neu.mkv-muehlheim.de\/wp-content\/uploads\/2020\/03\/WhatsApp-Image-2020-03-14-at-19.31.04-576x1024.jpeg\" alt=\"\" width=\"525\" height=\"933\" srcset=\"https:\/\/mkv-muehlheim.de\/wp-content\/uploads\/2020\/03\/WhatsApp-Image-2020-03-14-at-19.31.04-576x1024.jpeg 576w, https:\/\/mkv-muehlheim.de\/wp-content\/uploads\/2020\/03\/WhatsApp-Image-2020-03-14-at-19.31.04-169x300.jpeg 169w, https:\/\/mkv-muehlheim.de\/wp-content\/uploads\/2020\/03\/WhatsApp-Image-2020-03-14-at-19.31.04-768x1365.jpeg 768w, https:\/\/mkv-muehlheim.de\/wp-content\/uploads\/2020\/03\/WhatsApp-Image-2020-03-14-at-19.31.04.jpeg 900w\" sizes=\"auto, (max-width: 525px) 100vw, 525px\" \/><\/p>\n<p>&#8230;eine T\u00fcr zuviel&#8230;<\/p>\n<p>&nbsp;<\/p>\n<p>Bitte beachten Sie auch unsere <a href=\"http:\/\/mkv-neu.mkv-muehlheim.de\/?page_id=588\">Bausteinaktion<\/a><\/p>\n","protected":false},"excerpt":{"rendered":"<p>Unser neues Vereinsheim &nbsp; Im Sommer 2011 bezogen wir unser derzeitiges Vereinsheim in der Dieselstr. 4-6. Viele Kampagnen sind seither vergangen und wir haben viele tolle Veranstaltungen wie Oktoberfeste, Dartturniere, Kinderflohm\u00e4rkte, Weihnachtsfeiern, Damen- und, Herrensitzungen, Tollit\u00e4tenempf\u00e4nge, Kreppelkaffees und vieles mehr mit Euch in diesen R\u00e4umen feiern k\u00f6nnen. F\u00fcr unsere Mitglieder besteht auch die M\u00f6glichkeit, das &hellip; <\/p>\n<p class=\"link-more\"><a href=\"https:\/\/mkv-muehlheim.de\/?page_id=678\" class=\"more-link\"><span class=\"screen-reader-text\">\u201eVereinsheim\u201c<\/span> weiterlesen<\/a><\/p>\n","protected":false},"author":2,"featured_media":0,"parent":0,"menu_order":0,"comment_status":"closed","ping_status":"closed","template":"","meta":{"footnotes":""},"class_list":["post-678","page","type-page","status-publish","hentry"],"_links":{"self":[{"href":"https:\/\/mkv-muehlheim.de\/index.php?rest_route=\/wp\/v2\/pages\/678","targetHints":{"allow":["GET"]}}],"collection":[{"href":"https:\/\/mkv-muehlheim.de\/index.php?rest_route=\/wp\/v2\/pages"}],"about":[{"href":"https:\/\/mkv-muehlheim.de\/index.php?rest_route=\/wp\/v2\/types\/page"}],"author":[{"embeddable":true,"href":"https:\/\/mkv-muehlheim.de\/index.php?rest_route=\/wp\/v2\/users\/2"}],"replies":[{"embeddable":true,"href":"https:\/\/mkv-muehlheim.de\/index.php?rest_route=%2Fwp%2Fv2%2Fcomments&post=678"}],"version-history":[{"count":10,"href":"https:\/\/mkv-muehlheim.de\/index.php?rest_route=\/wp\/v2\/pages\/678\/revisions"}],"predecessor-version":[{"id":980,"href":"https:\/\/mkv-muehlheim.de\/index.php?rest_route=\/wp\/v2\/pages\/678\/revisions\/980"}],"wp:attachment":[{"href":"https:\/\/mkv-muehlheim.de\/index.php?rest_route=%2Fwp%2Fv2%2Fmedia&parent=678"}],"curies":[{"name":"wp","href":"https:\/\/api.w.org\/{rel}","templated":true}]}}