{"id":714,"date":"2020-03-03T11:31:15","date_gmt":"2020-03-03T11:31:15","guid":{"rendered":"http:\/\/mkv-neu.mkv-muehlheim.de\/?page_id=714"},"modified":"2023-08-27T13:21:54","modified_gmt":"2023-08-27T13:21:54","slug":"umzug-vereinsheim","status":"publish","type":"page","link":"https:\/\/mkv-muehlheim.de\/?page_id=714","title":{"rendered":"Umzug Vereinsheim"},"content":{"rendered":"<p>Auch in unserem &#8222;alten&#8220; Vereinsheim sind die Umzugsvorbereitungen nun im vollen Gange.<br \/>\nDer Instrumentenraum der Firedrums wurde ausger\u00e4umt, alles in Kisten verpackt, die regale abgebaut,<br \/>\ndie Kost\u00fcme verstaut usw&#8230;<\/p>\n<p>&nbsp;<\/p>\n<p><img loading=\"lazy\" decoding=\"async\" class=\"alignnone wp-image-720 size-large\" src=\"http:\/\/mkv-neu.mkv-muehlheim.de\/wp-content\/uploads\/2020\/03\/vh1-769x1024.jpg\" alt=\"\" width=\"525\" height=\"699\" srcset=\"https:\/\/mkv-muehlheim.de\/wp-content\/uploads\/2020\/03\/vh1-769x1024.jpg 769w, https:\/\/mkv-muehlheim.de\/wp-content\/uploads\/2020\/03\/vh1-225x300.jpg 225w, https:\/\/mkv-muehlheim.de\/wp-content\/uploads\/2020\/03\/vh1-768x1022.jpg 768w, https:\/\/mkv-muehlheim.de\/wp-content\/uploads\/2020\/03\/vh1.jpg 1209w\" sizes=\"auto, (max-width: 525px) 100vw, 525px\" \/><\/p>\n<p>Wie gro\u00df unser Instrumentenraum ohne die ganzen regale ist&#8230; \ud83d\ude09<\/p>\n<p>&nbsp;<\/p>\n<p><img loading=\"lazy\" decoding=\"async\" class=\"alignnone wp-image-721 size-large\" src=\"http:\/\/mkv-neu.mkv-muehlheim.de\/wp-content\/uploads\/2020\/03\/vh2-1024x768.jpg\" alt=\"\" width=\"525\" height=\"394\" srcset=\"https:\/\/mkv-muehlheim.de\/wp-content\/uploads\/2020\/03\/vh2-1024x768.jpg 1024w, https:\/\/mkv-muehlheim.de\/wp-content\/uploads\/2020\/03\/vh2-300x225.jpg 300w, https:\/\/mkv-muehlheim.de\/wp-content\/uploads\/2020\/03\/vh2-768x576.jpg 768w, https:\/\/mkv-muehlheim.de\/wp-content\/uploads\/2020\/03\/vh2.jpg 1209w\" sizes=\"auto, (max-width: 525px) 100vw, 525px\" \/><\/p>\n<p>Die Instrumente wurden w\u00e4hrend des Ausr\u00e4umens auf der B\u00fchne des Vereinsheims zwischengelagert.<\/p>\n<p>&nbsp;<\/p>\n<p><img loading=\"lazy\" decoding=\"async\" class=\"alignnone wp-image-722 size-large\" src=\"http:\/\/mkv-neu.mkv-muehlheim.de\/wp-content\/uploads\/2020\/03\/vh3-1024x768.jpg\" alt=\"\" width=\"525\" height=\"394\" srcset=\"https:\/\/mkv-muehlheim.de\/wp-content\/uploads\/2020\/03\/vh3-1024x768.jpg 1024w, https:\/\/mkv-muehlheim.de\/wp-content\/uploads\/2020\/03\/vh3-300x225.jpg 300w, https:\/\/mkv-muehlheim.de\/wp-content\/uploads\/2020\/03\/vh3-768x576.jpg 768w, https:\/\/mkv-muehlheim.de\/wp-content\/uploads\/2020\/03\/vh3.jpg 1209w\" sizes=\"auto, (max-width: 525px) 100vw, 525px\" \/><\/p>\n<p>Flei\u00dfige Helfer beim Beraten, was entsorgt werden kann bzw. was mit umziehen darf.<\/p>\n","protected":false},"excerpt":{"rendered":"<p>Auch in unserem &#8222;alten&#8220; Vereinsheim sind die Umzugsvorbereitungen nun im vollen Gange. Der Instrumentenraum der Firedrums wurde ausger\u00e4umt, alles in Kisten verpackt, die regale abgebaut, die Kost\u00fcme verstaut usw&#8230; &nbsp; Wie gro\u00df unser Instrumentenraum ohne die ganzen regale ist&#8230; \ud83d\ude09 &nbsp; Die Instrumente wurden w\u00e4hrend des Ausr\u00e4umens auf der B\u00fchne des Vereinsheims zwischengelagert. &nbsp; Flei\u00dfige &hellip; <\/p>\n<p class=\"link-more\"><a href=\"https:\/\/mkv-muehlheim.de\/?page_id=714\" class=\"more-link\"><span class=\"screen-reader-text\">\u201eUmzug Vereinsheim\u201c<\/span> weiterlesen<\/a><\/p>\n","protected":false},"author":2,"featured_media":0,"parent":0,"menu_order":0,"comment_status":"closed","ping_status":"closed","template":"","meta":{"footnotes":""},"class_list":["post-714","page","type-page","status-publish","hentry"],"_links":{"self":[{"href":"https:\/\/mkv-muehlheim.de\/index.php?rest_route=\/wp\/v2\/pages\/714","targetHints":{"allow":["GET"]}}],"collection":[{"href":"https:\/\/mkv-muehlheim.de\/index.php?rest_route=\/wp\/v2\/pages"}],"about":[{"href":"https:\/\/mkv-muehlheim.de\/index.php?rest_route=\/wp\/v2\/types\/page"}],"author":[{"embeddable":true,"href":"https:\/\/mkv-muehlheim.de\/index.php?rest_route=\/wp\/v2\/users\/2"}],"replies":[{"embeddable":true,"href":"https:\/\/mkv-muehlheim.de\/index.php?rest_route=%2Fwp%2Fv2%2Fcomments&post=714"}],"version-history":[{"count":5,"href":"https:\/\/mkv-muehlheim.de\/index.php?rest_route=\/wp\/v2\/pages\/714\/revisions"}],"predecessor-version":[{"id":1305,"href":"https:\/\/mkv-muehlheim.de\/index.php?rest_route=\/wp\/v2\/pages\/714\/revisions\/1305"}],"wp:attachment":[{"href":"https:\/\/mkv-muehlheim.de\/index.php?rest_route=%2Fwp%2Fv2%2Fmedia&parent=714"}],"curies":[{"name":"wp","href":"https:\/\/api.w.org\/{rel}","templated":true}]}}