{"id":953,"date":"2021-02-16T22:23:09","date_gmt":"2021-02-16T22:23:09","guid":{"rendered":"http:\/\/mkv-neu.mkv-muehlheim.de\/?page_id=953"},"modified":"2026-01-21T22:31:25","modified_gmt":"2026-01-21T21:31:25","slug":"aktuelles","status":"publish","type":"page","link":"https:\/\/mkv-muehlheim.de\/?page_id=953","title":{"rendered":"Aktuelles"},"content":{"rendered":"<ul>\n<li style=\"list-style-type: none;\">\n<ul>\n<li>\u00a021.01.26<\/li>\n<\/ul>\n<\/li>\n<\/ul>\n<p>Aus organisatorischen Gr\u00fcnden findet die diesj\u00e4hrige Herrensitzung nicht statt.<br \/>\nJeder der schon Karten erworben hat, bekommt den Kaufpreis selbstverst\u00e4ndlich zur\u00fcckerstattet.<\/p>\n<hr \/>\n<ul>\n<li style=\"list-style-type: none;\">\n<ul>\n<li>21.01.26<\/li>\n<\/ul>\n<\/li>\n<\/ul>\n<p>Die <span class=\"hiddenSpellError\">Firedrums<\/span> vom M\u00fchlheimer Karneval Verein suchen Mitspieler in der <span class=\"hiddenSpellError\">Guggenmusik Gruppe<\/span>.<br \/>\nMeldet euch einfach hier \u00fcber das <a href=\"https:\/\/mkv-muehlheim.de\/?page_id=28\">Kontaktformular<\/a> oder gerne auch per E-Mail unter <a href=\"mailto:info@mkv-muehlheim.de\">info@mkv-muehlheim.de<\/a>.<br \/>\nAlles Weitere besprechen wir dann.<\/p>\n<p>\u00dcber jeden Interessenten w\u00fcrden wir uns sehr freuen.<\/p>\n<ul>\n<li style=\"list-style-type: none;\">\n<hr \/>\n<\/li>\n<\/ul>\n<p>&nbsp;<\/p>\n<p><strong>Liebe Mitglieder, Freund*innen und Unterst\u00fctzer*innen des<\/strong><\/p>\n<p class=\"nc684nl6\"><strong>M\u00fchlheimer Karneval Verein e.V.<\/strong><\/p>\n<div class=\"o9v6fnle cxmmr5t8 oygrvhab hcukyx3x c1et5uql ii04i59q\"><\/div>\n<div class=\"o9v6fnle cxmmr5t8 oygrvhab hcukyx3x c1et5uql ii04i59q\">\n<h2 dir=\"auto\"><span style=\"color: #ff0000;\"><strong>Wir bedanken uns herzlichst bei allen, die uns mit dem Kauf eines oder mehrerer Bausteine unterst\u00fctzt haben!<\/strong> <\/span><\/h2>\n<div dir=\"auto\">Nur mit dieser Hilfe war es uns m\u00f6glich, das neue Vereinsheim in der Siemensstra\u00dfe f\u00fcr unsere Bed\u00fcrfnisse zu gestalten.<\/div>\n<\/div>\n<div class=\"o9v6fnle cxmmr5t8 oygrvhab hcukyx3x c1et5uql ii04i59q\">\n<div dir=\"auto\">Wer den M\u00fchlheimer Karneval Verein e.V. auch ohne Bausteinaktion unterst\u00fctzen m\u00f6chte, kann dies beispielsweise in Form einer <a href=\"http:\/\/mkv-neu.mkv-muehlheim.de\/?page_id=258\">Mitgliedschaft<\/a> tun.<\/div>\n<div dir=\"auto\">Auch Spenden zur Aufrechterhaltung des Vereins w\u00e4hrend dieser au\u00dfergew\u00f6hnlichen Zeit nehmen wir gerne an.<\/div>\n<div dir=\"auto\"><\/div>\n<\/div>\n<div class=\"o9v6fnle cxmmr5t8 oygrvhab hcukyx3x c1et5uql ii04i59q\">\n<div dir=\"auto\">Auf ein hoffentlich baldiges Wiedersehen freuen wir uns schon jetzt.<\/div>\n<\/div>\n<div class=\"o9v6fnle cxmmr5t8 oygrvhab hcukyx3x c1et5uql ii04i59q\">\n<div dir=\"auto\">Euer M\u00fchlheimer Karneval Verein e.V.<\/div>\n<div dir=\"auto\"><span style=\"color: #ffffff;\">&#8211;<\/span><\/div>\n<h1 dir=\"auto\"><strong>M\u00fcllem &#8211; Helau<\/strong> <span class=\"pq6dq46d tbxw36s4 knj5qynh kvgmc6g5 ditlmg2l oygrvhab nvdbi5me sf5mxxl7 gl3lb2sf hhz5lgdu\"><img loading=\"lazy\" decoding=\"async\" src=\"https:\/\/static.xx.fbcdn.net\/images\/emoji.php\/v9\/t8c\/1\/16\/1f389.png\" alt=\"\" width=\"16\" height=\"16\" \/><\/span><\/h1>\n<\/div>\n","protected":false},"excerpt":{"rendered":"<p>\u00a021.01.26 Aus organisatorischen Gr\u00fcnden findet die diesj\u00e4hrige Herrensitzung nicht statt. Jeder der schon Karten erworben hat, bekommt den Kaufpreis selbstverst\u00e4ndlich zur\u00fcckerstattet. 21.01.26 Die Firedrums vom M\u00fchlheimer Karneval Verein suchen Mitspieler in der Guggenmusik Gruppe. Meldet euch einfach hier \u00fcber das Kontaktformular oder gerne auch per E-Mail unter info@mkv-muehlheim.de. Alles Weitere besprechen wir dann. \u00dcber jeden &hellip; <\/p>\n<p class=\"link-more\"><a href=\"https:\/\/mkv-muehlheim.de\/?page_id=953\" class=\"more-link\"><span class=\"screen-reader-text\">\u201eAktuelles\u201c<\/span> weiterlesen<\/a><\/p>\n","protected":false},"author":2,"featured_media":0,"parent":0,"menu_order":0,"comment_status":"closed","ping_status":"closed","template":"","meta":{"footnotes":""},"class_list":["post-953","page","type-page","status-publish","hentry"],"_links":{"self":[{"href":"https:\/\/mkv-muehlheim.de\/index.php?rest_route=\/wp\/v2\/pages\/953","targetHints":{"allow":["GET"]}}],"collection":[{"href":"https:\/\/mkv-muehlheim.de\/index.php?rest_route=\/wp\/v2\/pages"}],"about":[{"href":"https:\/\/mkv-muehlheim.de\/index.php?rest_route=\/wp\/v2\/types\/page"}],"author":[{"embeddable":true,"href":"https:\/\/mkv-muehlheim.de\/index.php?rest_route=\/wp\/v2\/users\/2"}],"replies":[{"embeddable":true,"href":"https:\/\/mkv-muehlheim.de\/index.php?rest_route=%2Fwp%2Fv2%2Fcomments&post=953"}],"version-history":[{"count":62,"href":"https:\/\/mkv-muehlheim.de\/index.php?rest_route=\/wp\/v2\/pages\/953\/revisions"}],"predecessor-version":[{"id":1940,"href":"https:\/\/mkv-muehlheim.de\/index.php?rest_route=\/wp\/v2\/pages\/953\/revisions\/1940"}],"wp:attachment":[{"href":"https:\/\/mkv-muehlheim.de\/index.php?rest_route=%2Fwp%2Fv2%2Fmedia&parent=953"}],"curies":[{"name":"wp","href":"https:\/\/api.w.org\/{rel}","templated":true}]}}